{"id":1225,"date":"2023-12-14T10:58:13","date_gmt":"2023-12-14T09:58:13","guid":{"rendered":"http:\/\/poilfolvinaigrerie.fr\/?page_id=1225"},"modified":"2023-12-22T18:01:29","modified_gmt":"2023-12-22T17:01:29","slug":"pain-depices","status":"publish","type":"page","link":"http:\/\/poilfolvinaigrerie.fr\/index.php\/pain-depices\/","title":{"rendered":"Pain d&rsquo;\u00e9pices"},"content":{"rendered":"\t\t<div data-elementor-type=\"wp-page\" data-elementor-id=\"1225\" class=\"elementor elementor-1225\">\n\t\t\t\t\t\t\t\t\t<section class=\"elementor-section elementor-top-section elementor-element elementor-element-9292c31 elementor-section-boxed elementor-section-height-default elementor-section-height-default\" data-id=\"9292c31\" data-element_type=\"section\">\n\t\t\t\t\t\t<div class=\"elementor-container elementor-column-gap-default\">\n\t\t\t\t\t<div class=\"elementor-column elementor-col-100 elementor-top-column elementor-element elementor-element-8231a14\" data-id=\"8231a14\" data-element_type=\"column\">\n\t\t\t<div class=\"elementor-widget-wrap elementor-element-populated\">\n\t\t\t\t\t\t\t\t<section class=\"elementor-section elementor-inner-section elementor-element elementor-element-6f658ea elementor-section-boxed elementor-section-height-default elementor-section-height-default\" data-id=\"6f658ea\" data-element_type=\"section\" data-settings=\"{&quot;background_background&quot;:&quot;classic&quot;}\">\n\t\t\t\t\t\t<div class=\"elementor-container elementor-column-gap-default\">\n\t\t\t\t\t<div class=\"elementor-column elementor-col-50 elementor-inner-column elementor-element elementor-element-3c27f75\" data-id=\"3c27f75\" data-element_type=\"column\">\n\t\t\t<div class=\"elementor-widget-wrap elementor-element-populated\">\n\t\t\t\t\t\t\t\t<div class=\"elementor-element elementor-element-b18dc76 elementor-widget elementor-widget-text-editor\" data-id=\"b18dc76\" data-element_type=\"widget\" data-widget_type=\"text-editor.default\">\n\t\t\t\t<div class=\"elementor-widget-container\">\n\t\t\t<style>\/*! elementor - v3.12.2 - 23-04-2023 *\/\n.elementor-widget-text-editor.elementor-drop-cap-view-stacked .elementor-drop-cap{background-color:#69727d;color:#fff}.elementor-widget-text-editor.elementor-drop-cap-view-framed .elementor-drop-cap{color:#69727d;border:3px solid;background-color:transparent}.elementor-widget-text-editor:not(.elementor-drop-cap-view-default) .elementor-drop-cap{margin-top:8px}.elementor-widget-text-editor:not(.elementor-drop-cap-view-default) .elementor-drop-cap-letter{width:1em;height:1em}.elementor-widget-text-editor .elementor-drop-cap{float:left;text-align:center;line-height:1;font-size:50px}.elementor-widget-text-editor .elementor-drop-cap-letter{display:inline-block}<\/style>\t\t\t\t<p>110 gr. de farine T45<\/p>\n<p>110 gr. de farine de seigle (ou compl\u00e8te)<\/p>\n<p>210 gr. de miel liquide (acacia, toutes fleurs, sapin&#8230; selon vos gouts)<\/p><p>50 gr. de sucre roux<\/p>\n<p>1 cuil. \u00e0 caf\u00e9 de <a href=\"http:\/\/poilfolvinaigrerie.fr\/index.php\/nos-epices\/\">M\u00e9lange Pain d&rsquo;\u00e9pices<\/a><\/p>\n<p>110 cl. de lait<\/p>\t\t\t\t\t\t<\/div>\n\t\t\t\t<\/div>\n\t\t\t\t\t<\/div>\n\t\t<\/div>\n\t\t\t\t<div class=\"elementor-column elementor-col-50 elementor-inner-column elementor-element elementor-element-144615c\" data-id=\"144615c\" data-element_type=\"column\">\n\t\t\t<div class=\"elementor-widget-wrap elementor-element-populated\">\n\t\t\t\t\t\t\t\t<div class=\"elementor-element elementor-element-ab90fa6 elementor-widget elementor-widget-text-editor\" data-id=\"ab90fa6\" data-element_type=\"widget\" data-widget_type=\"text-editor.default\">\n\t\t\t\t<div class=\"elementor-widget-container\">\n\t\t\t\t\t\t\t<p>2 oeufs<\/p>\n<p>80 gr. de beurre fondu<\/p>\n<p>1 cuil. \u00e0 caf\u00e9 de bicarbonate de soude<\/p>\n<p>12 gr. de levure chimique<\/p>\n<p>1 pinc\u00e9e de sel<\/p>\n<p><\/p>\t\t\t\t\t\t<\/div>\n\t\t\t\t<\/div>\n\t\t\t\t\t<\/div>\n\t\t<\/div>\n\t\t\t\t\t\t\t<\/div>\n\t\t<\/section>\n\t\t\t\t\t<\/div>\n\t\t<\/div>\n\t\t\t\t\t\t\t<\/div>\n\t\t<\/section>\n\t\t\t\t<section class=\"elementor-section elementor-top-section elementor-element elementor-element-ff040af elementor-section-boxed elementor-section-height-default elementor-section-height-default\" data-id=\"ff040af\" data-element_type=\"section\">\n\t\t\t\t\t\t<div class=\"elementor-container elementor-column-gap-default\">\n\t\t\t\t\t<div class=\"elementor-column elementor-col-100 elementor-top-column elementor-element elementor-element-4de21af\" data-id=\"4de21af\" data-element_type=\"column\">\n\t\t\t<div class=\"elementor-widget-wrap elementor-element-populated\">\n\t\t\t\t\t\t\t\t<div class=\"elementor-element elementor-element-3834ba1 elementor-widget elementor-widget-text-editor\" data-id=\"3834ba1\" data-element_type=\"widget\" data-widget_type=\"text-editor.default\">\n\t\t\t\t<div class=\"elementor-widget-container\">\n\t\t\t\t\t\t\t<ul><li>Dans un saladier, m\u00e9langer le miel avec la farine de seigle<\/li><li>Incorporer ensuite un \u00e0 un la farine blanche avec la levure puis le lait froid. Ajoutez ensuite le sucre, le sel, la levure, les oeufs et enfin le beurre fondu et le m\u00e9lange d&rsquo;\u00e9pices. M\u00e9langer bien \u00e0 chaque addition d&rsquo;ingr\u00e9dient. <\/li><li>Mettre dans un moule \u00e0 cake et cuire 50 \u00e0 60 mn dans un four pr\u00e9chauff\u00e9 \u00e0 160\u00b0.<\/li><li>Laissez reposer 12 heures avant de consommer si possible !<\/li><\/ul>\t\t\t\t\t\t<\/div>\n\t\t\t\t<\/div>\n\t\t\t\t\t<\/div>\n\t\t<\/div>\n\t\t\t\t\t\t\t<\/div>\n\t\t<\/section>\n\t\t\t\t\t\t\t<\/div>\n\t\t","protected":false},"excerpt":{"rendered":"<p>110 gr. de farine T45 110 gr. de farine de seigle (ou compl\u00e8te) 210 gr. de miel liquide (acacia, toutes fleurs, sapin&#8230; selon vos gouts) 50 gr. de sucre roux 1 cuil. \u00e0 caf\u00e9 de M\u00e9lange Pain d&rsquo;\u00e9pices 110 cl. de lait 2 oeufs 80 gr. de beurre fondu 1 cuil. \u00e0 caf\u00e9 de bicarbonate [&hellip;]<\/p>\n","protected":false},"author":1,"featured_media":0,"parent":0,"menu_order":0,"comment_status":"closed","ping_status":"closed","template":"","meta":{"ocean_post_layout":"","ocean_both_sidebars_style":"","ocean_both_sidebars_content_width":0,"ocean_both_sidebars_sidebars_width":0,"ocean_sidebar":"","ocean_second_sidebar":"","ocean_disable_margins":"enable","ocean_add_body_class":"","ocean_shortcode_before_top_bar":"","ocean_shortcode_after_top_bar":"","ocean_shortcode_before_header":"","ocean_shortcode_after_header":"","ocean_has_shortcode":"","ocean_shortcode_after_title":"","ocean_shortcode_before_footer_widgets":"","ocean_shortcode_after_footer_widgets":"","ocean_shortcode_before_footer_bottom":"","ocean_shortcode_after_footer_bottom":"","ocean_display_top_bar":"default","ocean_display_header":"default","ocean_header_style":"","ocean_center_header_left_menu":"","ocean_custom_header_template":"","ocean_custom_logo":0,"ocean_custom_retina_logo":0,"ocean_custom_logo_max_width":0,"ocean_custom_logo_tablet_max_width":0,"ocean_custom_logo_mobile_max_width":0,"ocean_custom_logo_max_height":0,"ocean_custom_logo_tablet_max_height":0,"ocean_custom_logo_mobile_max_height":0,"ocean_header_custom_menu":"","ocean_menu_typo_font_family":"","ocean_menu_typo_font_subset":"","ocean_menu_typo_font_size":0,"ocean_menu_typo_font_size_tablet":0,"ocean_menu_typo_font_size_mobile":0,"ocean_menu_typo_font_size_unit":"px","ocean_menu_typo_font_weight":"","ocean_menu_typo_font_weight_tablet":"","ocean_menu_typo_font_weight_mobile":"","ocean_menu_typo_transform":"","ocean_menu_typo_transform_tablet":"","ocean_menu_typo_transform_mobile":"","ocean_menu_typo_line_height":0,"ocean_menu_typo_line_height_tablet":0,"ocean_menu_typo_line_height_mobile":0,"ocean_menu_typo_line_height_unit":"","ocean_menu_typo_spacing":0,"ocean_menu_typo_spacing_tablet":0,"ocean_menu_typo_spacing_mobile":0,"ocean_menu_typo_spacing_unit":"","ocean_menu_link_color":"","ocean_menu_link_color_hover":"","ocean_menu_link_color_active":"","ocean_menu_link_background":"","ocean_menu_link_hover_background":"","ocean_menu_link_active_background":"","ocean_menu_social_links_bg":"","ocean_menu_social_hover_links_bg":"","ocean_menu_social_links_color":"","ocean_menu_social_hover_links_color":"","ocean_disable_title":"default","ocean_disable_heading":"default","ocean_post_title":"","ocean_post_subheading":"","ocean_post_title_style":"","ocean_post_title_background_color":"","ocean_post_title_background":0,"ocean_post_title_bg_image_position":"","ocean_post_title_bg_image_attachment":"","ocean_post_title_bg_image_repeat":"","ocean_post_title_bg_image_size":"","ocean_post_title_height":0,"ocean_post_title_bg_overlay":0.5,"ocean_post_title_bg_overlay_color":"","ocean_disable_breadcrumbs":"default","ocean_breadcrumbs_color":"","ocean_breadcrumbs_separator_color":"","ocean_breadcrumbs_links_color":"","ocean_breadcrumbs_links_hover_color":"","ocean_display_footer_widgets":"default","ocean_display_footer_bottom":"default","ocean_custom_footer_template":"","footnotes":""},"class_list":["post-1225","page","type-page","status-publish","hentry","entry"],"yoast_head":"<!-- This site is optimized with the Yoast SEO plugin v20.8 - https:\/\/yoast.com\/wordpress\/plugins\/seo\/ -->\n<title>Pain d&#039;\u00e9pices - Vinaigrerie Poilfol<\/title>\n<meta name=\"robots\" content=\"index, follow, max-snippet:-1, max-image-preview:large, max-video-preview:-1\" \/>\n<link rel=\"canonical\" href=\"http:\/\/poilfolvinaigrerie.fr\/index.php\/pain-depices\/\" \/>\n<meta property=\"og:locale\" content=\"fr_FR\" \/>\n<meta property=\"og:type\" content=\"article\" \/>\n<meta property=\"og:title\" content=\"Pain d&#039;\u00e9pices - Vinaigrerie Poilfol\" \/>\n<meta property=\"og:description\" content=\"110 gr. de farine T45 110 gr. de farine de seigle (ou compl\u00e8te) 210 gr. de miel liquide (acacia, toutes fleurs, sapin&#8230; selon vos gouts) 50 gr. de sucre roux 1 cuil. \u00e0 caf\u00e9 de M\u00e9lange Pain d&rsquo;\u00e9pices 110 cl. de lait 2 oeufs 80 gr. de beurre fondu 1 cuil. \u00e0 caf\u00e9 de bicarbonate [&hellip;]\" \/>\n<meta property=\"og:url\" content=\"http:\/\/poilfolvinaigrerie.fr\/index.php\/pain-depices\/\" \/>\n<meta property=\"og:site_name\" content=\"Vinaigrerie Poilfol\" \/>\n<meta property=\"article:modified_time\" content=\"2023-12-22T17:01:29+00:00\" \/>\n<meta property=\"og:image\" content=\"http:\/\/poilfolvinaigrerie.fr\/wp-content\/uploads\/2023\/05\/POILFOL_-_LOGO_-_COULEUR-21024_1-removebg-1.png\" \/>\n\t<meta property=\"og:image:width\" content=\"1020\" \/>\n\t<meta property=\"og:image:height\" content=\"1024\" \/>\n\t<meta property=\"og:image:type\" content=\"image\/png\" \/>\n<meta name=\"twitter:card\" content=\"summary_large_image\" \/>\n<meta name=\"twitter:label1\" content=\"Dur\u00e9e de lecture estim\u00e9e\" \/>\n\t<meta name=\"twitter:data1\" content=\"1 minute\" \/>\n<script type=\"application\/ld+json\" class=\"yoast-schema-graph\">{\"@context\":\"https:\/\/schema.org\",\"@graph\":[{\"@type\":\"WebPage\",\"@id\":\"http:\/\/poilfolvinaigrerie.fr\/index.php\/pain-depices\/\",\"url\":\"http:\/\/poilfolvinaigrerie.fr\/index.php\/pain-depices\/\",\"name\":\"Pain d'\u00e9pices - Vinaigrerie Poilfol\",\"isPartOf\":{\"@id\":\"http:\/\/poilfolvinaigrerie.fr\/#website\"},\"datePublished\":\"2023-12-14T09:58:13+00:00\",\"dateModified\":\"2023-12-22T17:01:29+00:00\",\"breadcrumb\":{\"@id\":\"http:\/\/poilfolvinaigrerie.fr\/index.php\/pain-depices\/#breadcrumb\"},\"inLanguage\":\"fr-FR\",\"potentialAction\":[{\"@type\":\"ReadAction\",\"target\":[\"http:\/\/poilfolvinaigrerie.fr\/index.php\/pain-depices\/\"]}]},{\"@type\":\"BreadcrumbList\",\"@id\":\"http:\/\/poilfolvinaigrerie.fr\/index.php\/pain-depices\/#breadcrumb\",\"itemListElement\":[{\"@type\":\"ListItem\",\"position\":1,\"name\":\"Accueil\",\"item\":\"http:\/\/poilfolvinaigrerie.fr\/\"},{\"@type\":\"ListItem\",\"position\":2,\"name\":\"Pain d&rsquo;\u00e9pices\"}]},{\"@type\":\"WebSite\",\"@id\":\"http:\/\/poilfolvinaigrerie.fr\/#website\",\"url\":\"http:\/\/poilfolvinaigrerie.fr\/\",\"name\":\"Vinaigrerie Poilfol\",\"description\":\"Vinaigrerie Artisanale et biologique\",\"publisher\":{\"@id\":\"http:\/\/poilfolvinaigrerie.fr\/#organization\"},\"potentialAction\":[{\"@type\":\"SearchAction\",\"target\":{\"@type\":\"EntryPoint\",\"urlTemplate\":\"http:\/\/poilfolvinaigrerie.fr\/?s={search_term_string}\"},\"query-input\":\"required name=search_term_string\"}],\"inLanguage\":\"fr-FR\"},{\"@type\":\"Organization\",\"@id\":\"http:\/\/poilfolvinaigrerie.fr\/#organization\",\"name\":\"Vinaigrerie Poilfol\",\"url\":\"http:\/\/poilfolvinaigrerie.fr\/\",\"logo\":{\"@type\":\"ImageObject\",\"inLanguage\":\"fr-FR\",\"@id\":\"http:\/\/poilfolvinaigrerie.fr\/#\/schema\/logo\/image\/\",\"url\":\"http:\/\/poilfolvinaigrerie.fr\/wp-content\/uploads\/2023\/05\/cropped-POILFOL_-_LOGO_-_COULEUR-21024_1-removebg-preview.png\",\"contentUrl\":\"http:\/\/poilfolvinaigrerie.fr\/wp-content\/uploads\/2023\/05\/cropped-POILFOL_-_LOGO_-_COULEUR-21024_1-removebg-preview.png\",\"width\":433,\"height\":430,\"caption\":\"Vinaigrerie Poilfol\"},\"image\":{\"@id\":\"http:\/\/poilfolvinaigrerie.fr\/#\/schema\/logo\/image\/\"},\"sameAs\":[\"https:\/\/instagram.com\/yoast\"]}]}<\/script>\n<!-- \/ Yoast SEO plugin. -->","yoast_head_json":{"title":"Pain d'\u00e9pices - Vinaigrerie Poilfol","robots":{"index":"index","follow":"follow","max-snippet":"max-snippet:-1","max-image-preview":"max-image-preview:large","max-video-preview":"max-video-preview:-1"},"canonical":"http:\/\/poilfolvinaigrerie.fr\/index.php\/pain-depices\/","og_locale":"fr_FR","og_type":"article","og_title":"Pain d'\u00e9pices - Vinaigrerie Poilfol","og_description":"110 gr. de farine T45 110 gr. de farine de seigle (ou compl\u00e8te) 210 gr. de miel liquide (acacia, toutes fleurs, sapin&#8230; selon vos gouts) 50 gr. de sucre roux 1 cuil. \u00e0 caf\u00e9 de M\u00e9lange Pain d&rsquo;\u00e9pices 110 cl. de lait 2 oeufs 80 gr. de beurre fondu 1 cuil. \u00e0 caf\u00e9 de bicarbonate [&hellip;]","og_url":"http:\/\/poilfolvinaigrerie.fr\/index.php\/pain-depices\/","og_site_name":"Vinaigrerie Poilfol","article_modified_time":"2023-12-22T17:01:29+00:00","og_image":[{"width":1020,"height":1024,"url":"http:\/\/poilfolvinaigrerie.fr\/wp-content\/uploads\/2023\/05\/POILFOL_-_LOGO_-_COULEUR-21024_1-removebg-1.png","type":"image\/png"}],"twitter_card":"summary_large_image","twitter_misc":{"Dur\u00e9e de lecture estim\u00e9e":"1 minute"},"schema":{"@context":"https:\/\/schema.org","@graph":[{"@type":"WebPage","@id":"http:\/\/poilfolvinaigrerie.fr\/index.php\/pain-depices\/","url":"http:\/\/poilfolvinaigrerie.fr\/index.php\/pain-depices\/","name":"Pain d'\u00e9pices - Vinaigrerie Poilfol","isPartOf":{"@id":"http:\/\/poilfolvinaigrerie.fr\/#website"},"datePublished":"2023-12-14T09:58:13+00:00","dateModified":"2023-12-22T17:01:29+00:00","breadcrumb":{"@id":"http:\/\/poilfolvinaigrerie.fr\/index.php\/pain-depices\/#breadcrumb"},"inLanguage":"fr-FR","potentialAction":[{"@type":"ReadAction","target":["http:\/\/poilfolvinaigrerie.fr\/index.php\/pain-depices\/"]}]},{"@type":"BreadcrumbList","@id":"http:\/\/poilfolvinaigrerie.fr\/index.php\/pain-depices\/#breadcrumb","itemListElement":[{"@type":"ListItem","position":1,"name":"Accueil","item":"http:\/\/poilfolvinaigrerie.fr\/"},{"@type":"ListItem","position":2,"name":"Pain d&rsquo;\u00e9pices"}]},{"@type":"WebSite","@id":"http:\/\/poilfolvinaigrerie.fr\/#website","url":"http:\/\/poilfolvinaigrerie.fr\/","name":"Vinaigrerie Poilfol","description":"Vinaigrerie Artisanale et biologique","publisher":{"@id":"http:\/\/poilfolvinaigrerie.fr\/#organization"},"potentialAction":[{"@type":"SearchAction","target":{"@type":"EntryPoint","urlTemplate":"http:\/\/poilfolvinaigrerie.fr\/?s={search_term_string}"},"query-input":"required name=search_term_string"}],"inLanguage":"fr-FR"},{"@type":"Organization","@id":"http:\/\/poilfolvinaigrerie.fr\/#organization","name":"Vinaigrerie Poilfol","url":"http:\/\/poilfolvinaigrerie.fr\/","logo":{"@type":"ImageObject","inLanguage":"fr-FR","@id":"http:\/\/poilfolvinaigrerie.fr\/#\/schema\/logo\/image\/","url":"http:\/\/poilfolvinaigrerie.fr\/wp-content\/uploads\/2023\/05\/cropped-POILFOL_-_LOGO_-_COULEUR-21024_1-removebg-preview.png","contentUrl":"http:\/\/poilfolvinaigrerie.fr\/wp-content\/uploads\/2023\/05\/cropped-POILFOL_-_LOGO_-_COULEUR-21024_1-removebg-preview.png","width":433,"height":430,"caption":"Vinaigrerie Poilfol"},"image":{"@id":"http:\/\/poilfolvinaigrerie.fr\/#\/schema\/logo\/image\/"},"sameAs":["https:\/\/instagram.com\/yoast"]}]}},"_links":{"self":[{"href":"http:\/\/poilfolvinaigrerie.fr\/index.php\/wp-json\/wp\/v2\/pages\/1225","targetHints":{"allow":["GET"]}}],"collection":[{"href":"http:\/\/poilfolvinaigrerie.fr\/index.php\/wp-json\/wp\/v2\/pages"}],"about":[{"href":"http:\/\/poilfolvinaigrerie.fr\/index.php\/wp-json\/wp\/v2\/types\/page"}],"author":[{"embeddable":true,"href":"http:\/\/poilfolvinaigrerie.fr\/index.php\/wp-json\/wp\/v2\/users\/1"}],"replies":[{"embeddable":true,"href":"http:\/\/poilfolvinaigrerie.fr\/index.php\/wp-json\/wp\/v2\/comments?post=1225"}],"version-history":[{"count":10,"href":"http:\/\/poilfolvinaigrerie.fr\/index.php\/wp-json\/wp\/v2\/pages\/1225\/revisions"}],"predecessor-version":[{"id":1252,"href":"http:\/\/poilfolvinaigrerie.fr\/index.php\/wp-json\/wp\/v2\/pages\/1225\/revisions\/1252"}],"wp:attachment":[{"href":"http:\/\/poilfolvinaigrerie.fr\/index.php\/wp-json\/wp\/v2\/media?parent=1225"}],"curies":[{"name":"wp","href":"https:\/\/api.w.org\/{rel}","templated":true}]}}