{"id":751,"date":"2023-06-16T09:23:44","date_gmt":"2023-06-16T07:23:44","guid":{"rendered":"http:\/\/poilfolvinaigrerie.fr\/?page_id=751"},"modified":"2023-06-16T11:55:03","modified_gmt":"2023-06-16T09:55:03","slug":"pakora","status":"publish","type":"page","link":"http:\/\/poilfolvinaigrerie.fr\/index.php\/idees-recettes\/pakora\/","title":{"rendered":"Pakora"},"content":{"rendered":"\t\t<div data-elementor-type=\"wp-page\" data-elementor-id=\"751\" class=\"elementor elementor-751\">\n\t\t\t\t\t\t\t\t\t<section class=\"elementor-section elementor-top-section elementor-element elementor-element-23cb215 elementor-section-boxed elementor-section-height-default elementor-section-height-default\" data-id=\"23cb215\" data-element_type=\"section\">\n\t\t\t\t\t\t<div class=\"elementor-container elementor-column-gap-default\">\n\t\t\t\t\t<div class=\"elementor-column elementor-col-100 elementor-top-column elementor-element elementor-element-fe87585\" data-id=\"fe87585\" data-element_type=\"column\">\n\t\t\t<div class=\"elementor-widget-wrap elementor-element-populated\">\n\t\t\t\t\t\t\t\t<div class=\"elementor-element elementor-element-0626230 elementor-widget elementor-widget-text-editor\" data-id=\"0626230\" data-element_type=\"widget\" data-widget_type=\"text-editor.default\">\n\t\t\t\t<div class=\"elementor-widget-container\">\n\t\t\t<style>\/*! elementor - v3.12.2 - 23-04-2023 *\/\n.elementor-widget-text-editor.elementor-drop-cap-view-stacked .elementor-drop-cap{background-color:#69727d;color:#fff}.elementor-widget-text-editor.elementor-drop-cap-view-framed .elementor-drop-cap{color:#69727d;border:3px solid;background-color:transparent}.elementor-widget-text-editor:not(.elementor-drop-cap-view-default) .elementor-drop-cap{margin-top:8px}.elementor-widget-text-editor:not(.elementor-drop-cap-view-default) .elementor-drop-cap-letter{width:1em;height:1em}.elementor-widget-text-editor .elementor-drop-cap{float:left;text-align:center;line-height:1;font-size:50px}.elementor-widget-text-editor .elementor-drop-cap-letter{display:inline-block}<\/style>\t\t\t\t<p>D\u00e9licieux beignets de l\u00e9gumes\u00a0 \u00e0 la farine de pois chiche ! A d\u00e9guster en ap\u00e9ro ou en entr\u00e9e accompagn\u00e9s \u00e9ventuellement du d\u00e9licieux chutney menthe\/coriandre.<\/p>\t\t\t\t\t\t<\/div>\n\t\t\t\t<\/div>\n\t\t\t\t<div class=\"elementor-element elementor-element-ade9abc elementor-widget elementor-widget-menu-anchor\" data-id=\"ade9abc\" data-element_type=\"widget\" data-widget_type=\"menu-anchor.default\">\n\t\t\t\t<div class=\"elementor-widget-container\">\n\t\t\t<style>\/*! elementor - v3.12.2 - 23-04-2023 *\/\nbody.elementor-page .elementor-widget-menu-anchor{margin-bottom:0}<\/style>\t\t<div id=\"Pakora\" class=\"elementor-menu-anchor\"><\/div>\n\t\t\t\t<\/div>\n\t\t\t\t<\/div>\n\t\t\t\t\t<\/div>\n\t\t<\/div>\n\t\t\t\t\t\t\t<\/div>\n\t\t<\/section>\n\t\t\t\t<section class=\"elementor-section elementor-top-section elementor-element elementor-element-3e3b6d3 elementor-section-boxed elementor-section-height-default elementor-section-height-default\" data-id=\"3e3b6d3\" data-element_type=\"section\" data-settings=\"{&quot;background_background&quot;:&quot;classic&quot;}\">\n\t\t\t\t\t\t<div class=\"elementor-container elementor-column-gap-default\">\n\t\t\t\t\t<div class=\"elementor-column elementor-col-50 elementor-top-column elementor-element elementor-element-d0b0649\" data-id=\"d0b0649\" data-element_type=\"column\">\n\t\t\t<div class=\"elementor-widget-wrap elementor-element-populated\">\n\t\t\t\t\t\t\t\t<div class=\"elementor-element elementor-element-5e05886 elementor-widget elementor-widget-text-editor\" data-id=\"5e05886\" data-element_type=\"widget\" data-widget_type=\"text-editor.default\">\n\t\t\t\t<div class=\"elementor-widget-container\">\n\t\t\t\t\t\t\t<p>150 g d&rsquo;\u00e9pinards frais<\/p><p>150 g de farine de pois chiche<\/p><p>15 cl d&rsquo;eau<\/p><p>1 gousse d&rsquo;ail<\/p><p>1 morceau de gingembre<\/p><p>1 gros oignon<\/p>\t\t\t\t\t\t<\/div>\n\t\t\t\t<\/div>\n\t\t\t\t\t<\/div>\n\t\t<\/div>\n\t\t\t\t<div class=\"elementor-column elementor-col-50 elementor-top-column elementor-element elementor-element-ca19fd3\" data-id=\"ca19fd3\" data-element_type=\"column\">\n\t\t\t<div class=\"elementor-widget-wrap elementor-element-populated\">\n\t\t\t\t\t\t\t\t<div class=\"elementor-element elementor-element-fd3f4fa elementor-widget elementor-widget-text-editor\" data-id=\"fd3f4fa\" data-element_type=\"widget\" data-widget_type=\"text-editor.default\">\n\t\t\t\t<div class=\"elementor-widget-container\">\n\t\t\t\t\t\t\t<p>1 cuil. \u00e0 caf\u00e9 de <a href=\"http:\/\/poilfolvinaigrerie.fr\/index.php\/nos-epices\/\">Garam Masala<\/a><\/p><p>1\/2 cuil. \u00e0 caf\u00e9 de piment de Cayenne<\/p><p>Sel, Poivre,<\/p><p>Huile neutre<\/p><p>Quelques branches de coriandre ou persil<\/p><p>\u00a0<\/p>\t\t\t\t\t\t<\/div>\n\t\t\t\t<\/div>\n\t\t\t\t\t<\/div>\n\t\t<\/div>\n\t\t\t\t\t\t\t<\/div>\n\t\t<\/section>\n\t\t\t\t<section class=\"elementor-section elementor-top-section elementor-element elementor-element-da4ea30 elementor-section-boxed elementor-section-height-default elementor-section-height-default\" data-id=\"da4ea30\" data-element_type=\"section\">\n\t\t\t\t\t\t<div class=\"elementor-container elementor-column-gap-default\">\n\t\t\t\t\t<div class=\"elementor-column elementor-col-100 elementor-top-column elementor-element elementor-element-1d78225\" data-id=\"1d78225\" data-element_type=\"column\">\n\t\t\t<div class=\"elementor-widget-wrap elementor-element-populated\">\n\t\t\t\t\t\t\t\t<div class=\"elementor-element elementor-element-0d28962 elementor-widget elementor-widget-text-editor\" data-id=\"0d28962\" data-element_type=\"widget\" data-widget_type=\"text-editor.default\">\n\t\t\t\t<div class=\"elementor-widget-container\">\n\t\t\t\t\t\t\t\t\t\t\t\t\t<\/div>\n\t\t\t\t<\/div>\n\t\t\t\t\t<\/div>\n\t\t<\/div>\n\t\t\t\t\t\t\t<\/div>\n\t\t<\/section>\n\t\t\t\t<section class=\"elementor-section elementor-top-section elementor-element elementor-element-3631c17 elementor-section-boxed elementor-section-height-default elementor-section-height-default\" data-id=\"3631c17\" data-element_type=\"section\">\n\t\t\t\t\t\t<div class=\"elementor-container elementor-column-gap-default\">\n\t\t\t\t\t<div class=\"elementor-column elementor-col-100 elementor-top-column elementor-element elementor-element-14a1d17\" data-id=\"14a1d17\" data-element_type=\"column\">\n\t\t\t<div class=\"elementor-widget-wrap elementor-element-populated\">\n\t\t\t\t\t\t\t\t<div class=\"elementor-element elementor-element-07dbb05 elementor-widget elementor-widget-text-editor\" data-id=\"07dbb05\" data-element_type=\"widget\" data-widget_type=\"text-editor.default\">\n\t\t\t\t<div class=\"elementor-widget-container\">\n\t\t\t\t\t\t\t<ul><li>Lavez et essorez les feuilles d&rsquo;\u00e9pinards et la coriandre (ou le persil, ou les 2). Sur une planche, hachez-les grossi\u00e8rement au couteau.<\/li><li>Dans un saladier, m\u00e9langez les \u00e9pinards, les herbes, l&rsquo;ail \u00e9cras\u00e9, l&rsquo;oignon \u00e9minc\u00e9 en morceau de 1 cm, le gingembre \u00e9minc\u00e9 finement, le garam masala, le piment. Salez et poivrez.<\/li><li>Ajoutez la farine et l&rsquo;eau et m\u00e9langer avec les doigts afin d&rsquo;obtenir une p\u00e2te.<\/li><li>Fa\u00eetes chauffer 1 cm d&rsquo;huile dans une sauteuse. Formez des boulettes de la taille d&rsquo;une balle de ping-pong. Fa\u00eetes cuire dans l&rsquo;huile chaude quelques minutes en les retournant r\u00e9guli\u00e8rement sur chaque face. Les retirez lorsqu&rsquo;elles sont bien dor\u00e9es.<\/li><\/ul><div>\u00a0<\/div><div>\u00a0<\/div><div>\u00a0<\/div><div>\u00a0<\/div>\t\t\t\t\t\t<\/div>\n\t\t\t\t<\/div>\n\t\t\t\t<div class=\"elementor-element elementor-element-c46f076 elementor-widget-divider--view-line elementor-widget elementor-widget-divider\" data-id=\"c46f076\" data-element_type=\"widget\" data-widget_type=\"divider.default\">\n\t\t\t\t<div class=\"elementor-widget-container\">\n\t\t\t<style>\/*! elementor - v3.12.2 - 23-04-2023 *\/\n.elementor-widget-divider{--divider-border-style:none;--divider-border-width:1px;--divider-color:#0c0d0e;--divider-icon-size:20px;--divider-element-spacing:10px;--divider-pattern-height:24px;--divider-pattern-size:20px;--divider-pattern-url:none;--divider-pattern-repeat:repeat-x}.elementor-widget-divider .elementor-divider{display:flex}.elementor-widget-divider .elementor-divider__text{font-size:15px;line-height:1;max-width:95%}.elementor-widget-divider .elementor-divider__element{margin:0 var(--divider-element-spacing);flex-shrink:0}.elementor-widget-divider .elementor-icon{font-size:var(--divider-icon-size)}.elementor-widget-divider .elementor-divider-separator{display:flex;margin:0;direction:ltr}.elementor-widget-divider--view-line_icon .elementor-divider-separator,.elementor-widget-divider--view-line_text .elementor-divider-separator{align-items:center}.elementor-widget-divider--view-line_icon .elementor-divider-separator:after,.elementor-widget-divider--view-line_icon .elementor-divider-separator:before,.elementor-widget-divider--view-line_text .elementor-divider-separator:after,.elementor-widget-divider--view-line_text .elementor-divider-separator:before{display:block;content:\"\";border-bottom:0;flex-grow:1;border-top:var(--divider-border-width) var(--divider-border-style) var(--divider-color)}.elementor-widget-divider--element-align-left .elementor-divider .elementor-divider-separator>.elementor-divider__svg:first-of-type{flex-grow:0;flex-shrink:100}.elementor-widget-divider--element-align-left .elementor-divider-separator:before{content:none}.elementor-widget-divider--element-align-left .elementor-divider__element{margin-left:0}.elementor-widget-divider--element-align-right .elementor-divider .elementor-divider-separator>.elementor-divider__svg:last-of-type{flex-grow:0;flex-shrink:100}.elementor-widget-divider--element-align-right .elementor-divider-separator:after{content:none}.elementor-widget-divider--element-align-right .elementor-divider__element{margin-right:0}.elementor-widget-divider:not(.elementor-widget-divider--view-line_text):not(.elementor-widget-divider--view-line_icon) .elementor-divider-separator{border-top:var(--divider-border-width) var(--divider-border-style) var(--divider-color)}.elementor-widget-divider--separator-type-pattern{--divider-border-style:none}.elementor-widget-divider--separator-type-pattern.elementor-widget-divider--view-line .elementor-divider-separator,.elementor-widget-divider--separator-type-pattern:not(.elementor-widget-divider--view-line) .elementor-divider-separator:after,.elementor-widget-divider--separator-type-pattern:not(.elementor-widget-divider--view-line) .elementor-divider-separator:before,.elementor-widget-divider--separator-type-pattern:not([class*=elementor-widget-divider--view]) .elementor-divider-separator{width:100%;min-height:var(--divider-pattern-height);-webkit-mask-size:var(--divider-pattern-size) 100%;mask-size:var(--divider-pattern-size) 100%;-webkit-mask-repeat:var(--divider-pattern-repeat);mask-repeat:var(--divider-pattern-repeat);background-color:var(--divider-color);-webkit-mask-image:var(--divider-pattern-url);mask-image:var(--divider-pattern-url)}.elementor-widget-divider--no-spacing{--divider-pattern-size:auto}.elementor-widget-divider--bg-round{--divider-pattern-repeat:round}.rtl .elementor-widget-divider .elementor-divider__text{direction:rtl}.e-con-inner>.elementor-widget-divider,.e-con>.elementor-widget-divider{width:var(--container-widget-width,100%);--flex-grow:var(--container-widget-flex-grow)}<\/style>\t\t<div class=\"elementor-divider\">\n\t\t\t<span class=\"elementor-divider-separator\">\n\t\t\t\t\t\t<\/span>\n\t\t<\/div>\n\t\t\t\t<\/div>\n\t\t\t\t<\/div>\n\t\t\t\t\t<\/div>\n\t\t<\/div>\n\t\t\t\t\t\t\t<\/div>\n\t\t<\/section>\n\t\t\t\t\t\t\t<\/div>\n\t\t","protected":false},"excerpt":{"rendered":"<p>D\u00e9licieux beignets de l\u00e9gumes\u00a0 \u00e0 la farine de pois chiche ! A d\u00e9guster en ap\u00e9ro ou en entr\u00e9e accompagn\u00e9s \u00e9ventuellement du d\u00e9licieux chutney menthe\/coriandre. 150 g d&rsquo;\u00e9pinards frais 150 g de farine de pois chiche 15 cl d&rsquo;eau 1 gousse d&rsquo;ail 1 morceau de gingembre 1 gros oignon 1 cuil. \u00e0 caf\u00e9 de Garam Masala [&hellip;]<\/p>\n","protected":false},"author":1,"featured_media":0,"parent":34,"menu_order":1,"comment_status":"closed","ping_status":"closed","template":"","meta":{"ocean_post_layout":"","ocean_both_sidebars_style":"","ocean_both_sidebars_content_width":0,"ocean_both_sidebars_sidebars_width":0,"ocean_sidebar":"0","ocean_second_sidebar":"0","ocean_disable_margins":"enable","ocean_add_body_class":"","ocean_shortcode_before_top_bar":"","ocean_shortcode_after_top_bar":"","ocean_shortcode_before_header":"","ocean_shortcode_after_header":"","ocean_has_shortcode":"","ocean_shortcode_after_title":"","ocean_shortcode_before_footer_widgets":"","ocean_shortcode_after_footer_widgets":"","ocean_shortcode_before_footer_bottom":"","ocean_shortcode_after_footer_bottom":"","ocean_display_top_bar":"default","ocean_display_header":"default","ocean_header_style":"","ocean_center_header_left_menu":"0","ocean_custom_header_template":"0","ocean_custom_logo":0,"ocean_custom_retina_logo":0,"ocean_custom_logo_max_width":0,"ocean_custom_logo_tablet_max_width":0,"ocean_custom_logo_mobile_max_width":0,"ocean_custom_logo_max_height":0,"ocean_custom_logo_tablet_max_height":0,"ocean_custom_logo_mobile_max_height":0,"ocean_header_custom_menu":"0","ocean_menu_typo_font_family":"0","ocean_menu_typo_font_subset":"","ocean_menu_typo_font_size":0,"ocean_menu_typo_font_size_tablet":0,"ocean_menu_typo_font_size_mobile":0,"ocean_menu_typo_font_size_unit":"px","ocean_menu_typo_font_weight":"","ocean_menu_typo_font_weight_tablet":"","ocean_menu_typo_font_weight_mobile":"","ocean_menu_typo_transform":"","ocean_menu_typo_transform_tablet":"","ocean_menu_typo_transform_mobile":"","ocean_menu_typo_line_height":0,"ocean_menu_typo_line_height_tablet":0,"ocean_menu_typo_line_height_mobile":0,"ocean_menu_typo_line_height_unit":"","ocean_menu_typo_spacing":0,"ocean_menu_typo_spacing_tablet":0,"ocean_menu_typo_spacing_mobile":0,"ocean_menu_typo_spacing_unit":"","ocean_menu_link_color":"","ocean_menu_link_color_hover":"","ocean_menu_link_color_active":"","ocean_menu_link_background":"","ocean_menu_link_hover_background":"","ocean_menu_link_active_background":"","ocean_menu_social_links_bg":"","ocean_menu_social_hover_links_bg":"","ocean_menu_social_links_color":"","ocean_menu_social_hover_links_color":"","ocean_disable_title":"default","ocean_disable_heading":"default","ocean_post_title":"","ocean_post_subheading":"","ocean_post_title_style":"","ocean_post_title_background_color":"","ocean_post_title_background":0,"ocean_post_title_bg_image_position":"","ocean_post_title_bg_image_attachment":"","ocean_post_title_bg_image_repeat":"","ocean_post_title_bg_image_size":"","ocean_post_title_height":0,"ocean_post_title_bg_overlay":0.5,"ocean_post_title_bg_overlay_color":"","ocean_disable_breadcrumbs":"default","ocean_breadcrumbs_color":"","ocean_breadcrumbs_separator_color":"","ocean_breadcrumbs_links_color":"","ocean_breadcrumbs_links_hover_color":"","ocean_display_footer_widgets":"default","ocean_display_footer_bottom":"default","ocean_custom_footer_template":"0","footnotes":""},"class_list":["post-751","page","type-page","status-publish","hentry","entry"],"yoast_head":"<!-- This site is optimized with the Yoast SEO plugin v20.8 - https:\/\/yoast.com\/wordpress\/plugins\/seo\/ -->\n<title>Pakora - Vinaigrerie Poilfol<\/title>\n<meta name=\"robots\" content=\"index, follow, max-snippet:-1, max-image-preview:large, max-video-preview:-1\" \/>\n<link rel=\"canonical\" href=\"http:\/\/poilfolvinaigrerie.fr\/index.php\/idees-recettes\/pakora\/\" \/>\n<meta property=\"og:locale\" content=\"fr_FR\" \/>\n<meta property=\"og:type\" content=\"article\" \/>\n<meta property=\"og:title\" content=\"Pakora - Vinaigrerie Poilfol\" \/>\n<meta property=\"og:description\" content=\"D\u00e9licieux beignets de l\u00e9gumes\u00a0 \u00e0 la farine de pois chiche ! A d\u00e9guster en ap\u00e9ro ou en entr\u00e9e accompagn\u00e9s \u00e9ventuellement du d\u00e9licieux chutney menthe\/coriandre. 150 g d&rsquo;\u00e9pinards frais 150 g de farine de pois chiche 15 cl d&rsquo;eau 1 gousse d&rsquo;ail 1 morceau de gingembre 1 gros oignon 1 cuil. \u00e0 caf\u00e9 de Garam Masala [&hellip;]\" \/>\n<meta property=\"og:url\" content=\"http:\/\/poilfolvinaigrerie.fr\/index.php\/idees-recettes\/pakora\/\" \/>\n<meta property=\"og:site_name\" content=\"Vinaigrerie Poilfol\" \/>\n<meta property=\"article:modified_time\" content=\"2023-06-16T09:55:03+00:00\" \/>\n<meta property=\"og:image\" content=\"http:\/\/poilfolvinaigrerie.fr\/wp-content\/uploads\/2023\/05\/POILFOL_-_LOGO_-_COULEUR-21024_1-removebg-1.png\" \/>\n\t<meta property=\"og:image:width\" content=\"1020\" \/>\n\t<meta property=\"og:image:height\" content=\"1024\" \/>\n\t<meta property=\"og:image:type\" content=\"image\/png\" \/>\n<meta name=\"twitter:card\" content=\"summary_large_image\" \/>\n<meta name=\"twitter:label1\" content=\"Dur\u00e9e de lecture estim\u00e9e\" \/>\n\t<meta name=\"twitter:data1\" content=\"1 minute\" \/>\n<script type=\"application\/ld+json\" class=\"yoast-schema-graph\">{\"@context\":\"https:\/\/schema.org\",\"@graph\":[{\"@type\":\"WebPage\",\"@id\":\"http:\/\/poilfolvinaigrerie.fr\/index.php\/idees-recettes\/pakora\/\",\"url\":\"http:\/\/poilfolvinaigrerie.fr\/index.php\/idees-recettes\/pakora\/\",\"name\":\"Pakora - Vinaigrerie Poilfol\",\"isPartOf\":{\"@id\":\"https:\/\/poilfolvinaigrerie.fr\/#website\"},\"datePublished\":\"2023-06-16T07:23:44+00:00\",\"dateModified\":\"2023-06-16T09:55:03+00:00\",\"breadcrumb\":{\"@id\":\"http:\/\/poilfolvinaigrerie.fr\/index.php\/idees-recettes\/pakora\/#breadcrumb\"},\"inLanguage\":\"fr-FR\",\"potentialAction\":[{\"@type\":\"ReadAction\",\"target\":[\"http:\/\/poilfolvinaigrerie.fr\/index.php\/idees-recettes\/pakora\/\"]}]},{\"@type\":\"BreadcrumbList\",\"@id\":\"http:\/\/poilfolvinaigrerie.fr\/index.php\/idees-recettes\/pakora\/#breadcrumb\",\"itemListElement\":[{\"@type\":\"ListItem\",\"position\":1,\"name\":\"Accueil\",\"item\":\"https:\/\/poilfolvinaigrerie.fr\/\"},{\"@type\":\"ListItem\",\"position\":2,\"name\":\"Id\u00e9es recettes\",\"item\":\"https:\/\/poilfolvinaigrerie.fr\/index.php\/idees-recettes\/\"},{\"@type\":\"ListItem\",\"position\":3,\"name\":\"Pakora\"}]},{\"@type\":\"WebSite\",\"@id\":\"https:\/\/poilfolvinaigrerie.fr\/#website\",\"url\":\"https:\/\/poilfolvinaigrerie.fr\/\",\"name\":\"Vinaigrerie Poilfol\",\"description\":\"Vinaigrerie Artisanale et biologique\",\"publisher\":{\"@id\":\"https:\/\/poilfolvinaigrerie.fr\/#organization\"},\"potentialAction\":[{\"@type\":\"SearchAction\",\"target\":{\"@type\":\"EntryPoint\",\"urlTemplate\":\"https:\/\/poilfolvinaigrerie.fr\/?s={search_term_string}\"},\"query-input\":\"required name=search_term_string\"}],\"inLanguage\":\"fr-FR\"},{\"@type\":\"Organization\",\"@id\":\"https:\/\/poilfolvinaigrerie.fr\/#organization\",\"name\":\"Vinaigrerie Poilfol\",\"url\":\"https:\/\/poilfolvinaigrerie.fr\/\",\"logo\":{\"@type\":\"ImageObject\",\"inLanguage\":\"fr-FR\",\"@id\":\"https:\/\/poilfolvinaigrerie.fr\/#\/schema\/logo\/image\/\",\"url\":\"http:\/\/poilfolvinaigrerie.fr\/wp-content\/uploads\/2023\/05\/cropped-POILFOL_-_LOGO_-_COULEUR-21024_1-removebg-preview.png\",\"contentUrl\":\"http:\/\/poilfolvinaigrerie.fr\/wp-content\/uploads\/2023\/05\/cropped-POILFOL_-_LOGO_-_COULEUR-21024_1-removebg-preview.png\",\"width\":433,\"height\":430,\"caption\":\"Vinaigrerie Poilfol\"},\"image\":{\"@id\":\"https:\/\/poilfolvinaigrerie.fr\/#\/schema\/logo\/image\/\"},\"sameAs\":[\"https:\/\/instagram.com\/yoast\"]}]}<\/script>\n<!-- \/ Yoast SEO plugin. -->","yoast_head_json":{"title":"Pakora - Vinaigrerie Poilfol","robots":{"index":"index","follow":"follow","max-snippet":"max-snippet:-1","max-image-preview":"max-image-preview:large","max-video-preview":"max-video-preview:-1"},"canonical":"http:\/\/poilfolvinaigrerie.fr\/index.php\/idees-recettes\/pakora\/","og_locale":"fr_FR","og_type":"article","og_title":"Pakora - Vinaigrerie Poilfol","og_description":"D\u00e9licieux beignets de l\u00e9gumes\u00a0 \u00e0 la farine de pois chiche ! A d\u00e9guster en ap\u00e9ro ou en entr\u00e9e accompagn\u00e9s \u00e9ventuellement du d\u00e9licieux chutney menthe\/coriandre. 150 g d&rsquo;\u00e9pinards frais 150 g de farine de pois chiche 15 cl d&rsquo;eau 1 gousse d&rsquo;ail 1 morceau de gingembre 1 gros oignon 1 cuil. \u00e0 caf\u00e9 de Garam Masala [&hellip;]","og_url":"http:\/\/poilfolvinaigrerie.fr\/index.php\/idees-recettes\/pakora\/","og_site_name":"Vinaigrerie Poilfol","article_modified_time":"2023-06-16T09:55:03+00:00","og_image":[{"width":1020,"height":1024,"url":"http:\/\/poilfolvinaigrerie.fr\/wp-content\/uploads\/2023\/05\/POILFOL_-_LOGO_-_COULEUR-21024_1-removebg-1.png","type":"image\/png"}],"twitter_card":"summary_large_image","twitter_misc":{"Dur\u00e9e de lecture estim\u00e9e":"1 minute"},"schema":{"@context":"https:\/\/schema.org","@graph":[{"@type":"WebPage","@id":"http:\/\/poilfolvinaigrerie.fr\/index.php\/idees-recettes\/pakora\/","url":"http:\/\/poilfolvinaigrerie.fr\/index.php\/idees-recettes\/pakora\/","name":"Pakora - Vinaigrerie Poilfol","isPartOf":{"@id":"https:\/\/poilfolvinaigrerie.fr\/#website"},"datePublished":"2023-06-16T07:23:44+00:00","dateModified":"2023-06-16T09:55:03+00:00","breadcrumb":{"@id":"http:\/\/poilfolvinaigrerie.fr\/index.php\/idees-recettes\/pakora\/#breadcrumb"},"inLanguage":"fr-FR","potentialAction":[{"@type":"ReadAction","target":["http:\/\/poilfolvinaigrerie.fr\/index.php\/idees-recettes\/pakora\/"]}]},{"@type":"BreadcrumbList","@id":"http:\/\/poilfolvinaigrerie.fr\/index.php\/idees-recettes\/pakora\/#breadcrumb","itemListElement":[{"@type":"ListItem","position":1,"name":"Accueil","item":"https:\/\/poilfolvinaigrerie.fr\/"},{"@type":"ListItem","position":2,"name":"Id\u00e9es recettes","item":"https:\/\/poilfolvinaigrerie.fr\/index.php\/idees-recettes\/"},{"@type":"ListItem","position":3,"name":"Pakora"}]},{"@type":"WebSite","@id":"https:\/\/poilfolvinaigrerie.fr\/#website","url":"https:\/\/poilfolvinaigrerie.fr\/","name":"Vinaigrerie Poilfol","description":"Vinaigrerie Artisanale et biologique","publisher":{"@id":"https:\/\/poilfolvinaigrerie.fr\/#organization"},"potentialAction":[{"@type":"SearchAction","target":{"@type":"EntryPoint","urlTemplate":"https:\/\/poilfolvinaigrerie.fr\/?s={search_term_string}"},"query-input":"required name=search_term_string"}],"inLanguage":"fr-FR"},{"@type":"Organization","@id":"https:\/\/poilfolvinaigrerie.fr\/#organization","name":"Vinaigrerie Poilfol","url":"https:\/\/poilfolvinaigrerie.fr\/","logo":{"@type":"ImageObject","inLanguage":"fr-FR","@id":"https:\/\/poilfolvinaigrerie.fr\/#\/schema\/logo\/image\/","url":"http:\/\/poilfolvinaigrerie.fr\/wp-content\/uploads\/2023\/05\/cropped-POILFOL_-_LOGO_-_COULEUR-21024_1-removebg-preview.png","contentUrl":"http:\/\/poilfolvinaigrerie.fr\/wp-content\/uploads\/2023\/05\/cropped-POILFOL_-_LOGO_-_COULEUR-21024_1-removebg-preview.png","width":433,"height":430,"caption":"Vinaigrerie Poilfol"},"image":{"@id":"https:\/\/poilfolvinaigrerie.fr\/#\/schema\/logo\/image\/"},"sameAs":["https:\/\/instagram.com\/yoast"]}]}},"_links":{"self":[{"href":"http:\/\/poilfolvinaigrerie.fr\/index.php\/wp-json\/wp\/v2\/pages\/751","targetHints":{"allow":["GET"]}}],"collection":[{"href":"http:\/\/poilfolvinaigrerie.fr\/index.php\/wp-json\/wp\/v2\/pages"}],"about":[{"href":"http:\/\/poilfolvinaigrerie.fr\/index.php\/wp-json\/wp\/v2\/types\/page"}],"author":[{"embeddable":true,"href":"http:\/\/poilfolvinaigrerie.fr\/index.php\/wp-json\/wp\/v2\/users\/1"}],"replies":[{"embeddable":true,"href":"http:\/\/poilfolvinaigrerie.fr\/index.php\/wp-json\/wp\/v2\/comments?post=751"}],"version-history":[{"count":15,"href":"http:\/\/poilfolvinaigrerie.fr\/index.php\/wp-json\/wp\/v2\/pages\/751\/revisions"}],"predecessor-version":[{"id":790,"href":"http:\/\/poilfolvinaigrerie.fr\/index.php\/wp-json\/wp\/v2\/pages\/751\/revisions\/790"}],"up":[{"embeddable":true,"href":"http:\/\/poilfolvinaigrerie.fr\/index.php\/wp-json\/wp\/v2\/pages\/34"}],"wp:attachment":[{"href":"http:\/\/poilfolvinaigrerie.fr\/index.php\/wp-json\/wp\/v2\/media?parent=751"}],"curies":[{"name":"wp","href":"https:\/\/api.w.org\/{rel}","templated":true}]}}