{"id":978,"date":"2023-07-14T17:03:32","date_gmt":"2023-07-14T15:03:32","guid":{"rendered":"http:\/\/poilfolvinaigrerie.fr\/?page_id=978"},"modified":"2023-07-14T17:05:23","modified_gmt":"2023-07-14T15:05:23","slug":"vinaigrette-au-curry-de-madras","status":"publish","type":"page","link":"http:\/\/poilfolvinaigrerie.fr\/index.php\/vinaigrette-au-curry-de-madras\/","title":{"rendered":"Vinaigrette au curry de Madras"},"content":{"rendered":"\t\t<div data-elementor-type=\"wp-page\" data-elementor-id=\"978\" class=\"elementor elementor-978\">\n\t\t\t\t\t\t\t\t\t<section class=\"elementor-section elementor-top-section elementor-element elementor-element-5cb78d0 elementor-section-boxed elementor-section-height-default elementor-section-height-default\" data-id=\"5cb78d0\" data-element_type=\"section\">\n\t\t\t\t\t\t<div class=\"elementor-container elementor-column-gap-default\">\n\t\t\t\t\t<div class=\"elementor-column elementor-col-100 elementor-top-column elementor-element elementor-element-7418aca\" data-id=\"7418aca\" data-element_type=\"column\">\n\t\t\t<div class=\"elementor-widget-wrap elementor-element-populated\">\n\t\t\t\t\t\t\t\t<div class=\"elementor-element elementor-element-92eddb9 elementor-widget elementor-widget-text-editor\" data-id=\"92eddb9\" data-element_type=\"widget\" data-widget_type=\"text-editor.default\">\n\t\t\t\t<div class=\"elementor-widget-container\">\n\t\t\t<style>\/*! elementor - v3.12.2 - 23-04-2023 *\/\n.elementor-widget-text-editor.elementor-drop-cap-view-stacked .elementor-drop-cap{background-color:#69727d;color:#fff}.elementor-widget-text-editor.elementor-drop-cap-view-framed .elementor-drop-cap{color:#69727d;border:3px solid;background-color:transparent}.elementor-widget-text-editor:not(.elementor-drop-cap-view-default) .elementor-drop-cap{margin-top:8px}.elementor-widget-text-editor:not(.elementor-drop-cap-view-default) .elementor-drop-cap-letter{width:1em;height:1em}.elementor-widget-text-editor .elementor-drop-cap{float:left;text-align:center;line-height:1;font-size:50px}.elementor-widget-text-editor .elementor-drop-cap-letter{display:inline-block}<\/style>\t\t\t\t<p>Une vinaigrette parfum\u00e9e gr\u00e2ce \u00e0 la puissance du curry de Madras et la saveur anis\u00e9e de l&rsquo;estragon. Elle accompagnera parfaitement une salade de carottes <br><\/p><p>ou des asperges cuites \u00e0 l&rsquo;eau.<\/p>\t\t\t\t\t\t<\/div>\n\t\t\t\t<\/div>\n\t\t\t\t\t<\/div>\n\t\t<\/div>\n\t\t\t\t\t\t\t<\/div>\n\t\t<\/section>\n\t\t\t\t<section class=\"elementor-section elementor-top-section elementor-element elementor-element-bdeff12 elementor-section-boxed elementor-section-height-default elementor-section-height-default\" data-id=\"bdeff12\" data-element_type=\"section\" data-settings=\"{&quot;background_background&quot;:&quot;classic&quot;}\">\n\t\t\t\t\t\t<div class=\"elementor-container elementor-column-gap-default\">\n\t\t\t\t\t<div class=\"elementor-column elementor-col-50 elementor-top-column elementor-element elementor-element-637432b\" data-id=\"637432b\" data-element_type=\"column\">\n\t\t\t<div class=\"elementor-widget-wrap elementor-element-populated\">\n\t\t\t\t\t\t\t\t<div class=\"elementor-element elementor-element-9909f59 elementor-widget elementor-widget-text-editor\" data-id=\"9909f59\" data-element_type=\"widget\" data-widget_type=\"text-editor.default\">\n\t\t\t\t<div class=\"elementor-widget-container\">\n\t\t\t\t\t\t\t<p>4 cuil. \u00e0 soupe d&rsquo;huile d&rsquo;olive<\/p>\n<p>2 cuil. \u00e0 soupe de <a href=\"http:\/\/poilfolvinaigrerie.fr\/index.php\/nos-vinaigres\/\">vinaigre de vin aux zestes d&rsquo;orange et cardamome verte<\/a><\/p>\n<p>1 cuil. \u00e0 caf\u00e9 de miel liquide<\/p>\n<p>1 oeuf<\/p>\t\t\t\t\t\t<\/div>\n\t\t\t\t<\/div>\n\t\t\t\t\t<\/div>\n\t\t<\/div>\n\t\t\t\t<div class=\"elementor-column elementor-col-50 elementor-top-column elementor-element elementor-element-8a45f3b\" data-id=\"8a45f3b\" data-element_type=\"column\">\n\t\t\t<div class=\"elementor-widget-wrap elementor-element-populated\">\n\t\t\t\t\t\t\t\t<div class=\"elementor-element elementor-element-24befab elementor-widget elementor-widget-text-editor\" data-id=\"24befab\" data-element_type=\"widget\" data-widget_type=\"text-editor.default\">\n\t\t\t\t<div class=\"elementor-widget-container\">\n\t\t\t\t\t\t\t<p>1 cuil. \u00e0 caf\u00e9 de <a href=\"http:\/\/poilfolvinaigrerie.fr\/index.php\/nos-epices\/\">curry de Madras<\/a><\/p><p>1 branche d&rsquo;estragon<\/p><p>Sel<\/p><p>\u00a0<\/p>\t\t\t\t\t\t<\/div>\n\t\t\t\t<\/div>\n\t\t\t\t\t<\/div>\n\t\t<\/div>\n\t\t\t\t\t\t\t<\/div>\n\t\t<\/section>\n\t\t\t\t<section class=\"elementor-section elementor-top-section elementor-element elementor-element-86c6da8 elementor-section-boxed elementor-section-height-default elementor-section-height-default\" data-id=\"86c6da8\" data-element_type=\"section\">\n\t\t\t\t\t\t<div class=\"elementor-container elementor-column-gap-default\">\n\t\t\t\t\t<div class=\"elementor-column elementor-col-100 elementor-top-column elementor-element elementor-element-7533e06\" data-id=\"7533e06\" data-element_type=\"column\">\n\t\t\t<div class=\"elementor-widget-wrap elementor-element-populated\">\n\t\t\t\t\t\t\t\t<div class=\"elementor-element elementor-element-54c6f74 elementor-widget elementor-widget-text-editor\" data-id=\"54c6f74\" data-element_type=\"widget\" data-widget_type=\"text-editor.default\">\n\t\t\t\t<div class=\"elementor-widget-container\">\n\t\t\t\t\t\t\t<ul><li>Faites cuire l\u2019oeuf 10 minutes \u00e0 l\u2019eau bouillante. Rafraichissez-le, \u00e9calez-le et \u00e9crasez le \u00e0 la fourchette.<\/li><li>Ciselez l\u2019estragon.<\/li><li>Dans un bol, m\u00e9langez le vinaigre, le miel et le sel.<\/li><li>Incorporez l&rsquo;huile d&rsquo;olive.<\/li><li>Ajoutez le Curry Bombay, l\u2019estragon et l\u2019oeuf dur \u00e9cras\u00e9.<\/li><\/ul>\t\t\t\t\t\t<\/div>\n\t\t\t\t<\/div>\n\t\t\t\t\t<\/div>\n\t\t<\/div>\n\t\t\t\t\t\t\t<\/div>\n\t\t<\/section>\n\t\t\t\t\t\t\t<\/div>\n\t\t","protected":false},"excerpt":{"rendered":"<p>Une vinaigrette parfum\u00e9e gr\u00e2ce \u00e0 la puissance du curry de Madras et la saveur anis\u00e9e de l&rsquo;estragon. Elle accompagnera parfaitement une salade de carottes ou des asperges cuites \u00e0 l&rsquo;eau. 4 cuil. \u00e0 soupe d&rsquo;huile d&rsquo;olive 2 cuil. \u00e0 soupe de vinaigre de vin aux zestes d&rsquo;orange et cardamome verte 1 cuil. \u00e0 caf\u00e9 de [&hellip;]<\/p>\n","protected":false},"author":1,"featured_media":0,"parent":0,"menu_order":0,"comment_status":"closed","ping_status":"closed","template":"","meta":{"ocean_post_layout":"","ocean_both_sidebars_style":"","ocean_both_sidebars_content_width":0,"ocean_both_sidebars_sidebars_width":0,"ocean_sidebar":"0","ocean_second_sidebar":"0","ocean_disable_margins":"enable","ocean_add_body_class":"","ocean_shortcode_before_top_bar":"","ocean_shortcode_after_top_bar":"","ocean_shortcode_before_header":"","ocean_shortcode_after_header":"","ocean_has_shortcode":"","ocean_shortcode_after_title":"","ocean_shortcode_before_footer_widgets":"","ocean_shortcode_after_footer_widgets":"","ocean_shortcode_before_footer_bottom":"","ocean_shortcode_after_footer_bottom":"","ocean_display_top_bar":"default","ocean_display_header":"default","ocean_header_style":"","ocean_center_header_left_menu":"0","ocean_custom_header_template":"0","ocean_custom_logo":0,"ocean_custom_retina_logo":0,"ocean_custom_logo_max_width":0,"ocean_custom_logo_tablet_max_width":0,"ocean_custom_logo_mobile_max_width":0,"ocean_custom_logo_max_height":0,"ocean_custom_logo_tablet_max_height":0,"ocean_custom_logo_mobile_max_height":0,"ocean_header_custom_menu":"0","ocean_menu_typo_font_family":"0","ocean_menu_typo_font_subset":"","ocean_menu_typo_font_size":0,"ocean_menu_typo_font_size_tablet":0,"ocean_menu_typo_font_size_mobile":0,"ocean_menu_typo_font_size_unit":"px","ocean_menu_typo_font_weight":"","ocean_menu_typo_font_weight_tablet":"","ocean_menu_typo_font_weight_mobile":"","ocean_menu_typo_transform":"","ocean_menu_typo_transform_tablet":"","ocean_menu_typo_transform_mobile":"","ocean_menu_typo_line_height":0,"ocean_menu_typo_line_height_tablet":0,"ocean_menu_typo_line_height_mobile":0,"ocean_menu_typo_line_height_unit":"","ocean_menu_typo_spacing":0,"ocean_menu_typo_spacing_tablet":0,"ocean_menu_typo_spacing_mobile":0,"ocean_menu_typo_spacing_unit":"","ocean_menu_link_color":"","ocean_menu_link_color_hover":"","ocean_menu_link_color_active":"","ocean_menu_link_background":"","ocean_menu_link_hover_background":"","ocean_menu_link_active_background":"","ocean_menu_social_links_bg":"","ocean_menu_social_hover_links_bg":"","ocean_menu_social_links_color":"","ocean_menu_social_hover_links_color":"","ocean_disable_title":"default","ocean_disable_heading":"default","ocean_post_title":"","ocean_post_subheading":"","ocean_post_title_style":"","ocean_post_title_background_color":"","ocean_post_title_background":0,"ocean_post_title_bg_image_position":"","ocean_post_title_bg_image_attachment":"","ocean_post_title_bg_image_repeat":"","ocean_post_title_bg_image_size":"","ocean_post_title_height":0,"ocean_post_title_bg_overlay":0.5,"ocean_post_title_bg_overlay_color":"","ocean_disable_breadcrumbs":"default","ocean_breadcrumbs_color":"","ocean_breadcrumbs_separator_color":"","ocean_breadcrumbs_links_color":"","ocean_breadcrumbs_links_hover_color":"","ocean_display_footer_widgets":"default","ocean_display_footer_bottom":"default","ocean_custom_footer_template":"0","footnotes":""},"class_list":["post-978","page","type-page","status-publish","hentry","entry"],"yoast_head":"<!-- This site is optimized with the Yoast SEO plugin v20.8 - https:\/\/yoast.com\/wordpress\/plugins\/seo\/ -->\n<title>Vinaigrette au curry de Madras - Vinaigrerie Poilfol<\/title>\n<meta name=\"robots\" content=\"index, follow, max-snippet:-1, max-image-preview:large, max-video-preview:-1\" \/>\n<link rel=\"canonical\" href=\"http:\/\/poilfolvinaigrerie.fr\/index.php\/vinaigrette-au-curry-de-madras\/\" \/>\n<meta property=\"og:locale\" content=\"fr_FR\" \/>\n<meta property=\"og:type\" content=\"article\" \/>\n<meta property=\"og:title\" content=\"Vinaigrette au curry de Madras - Vinaigrerie Poilfol\" \/>\n<meta property=\"og:description\" content=\"Une vinaigrette parfum\u00e9e gr\u00e2ce \u00e0 la puissance du curry de Madras et la saveur anis\u00e9e de l&rsquo;estragon. Elle accompagnera parfaitement une salade de carottes ou des asperges cuites \u00e0 l&rsquo;eau. 4 cuil. \u00e0 soupe d&rsquo;huile d&rsquo;olive 2 cuil. \u00e0 soupe de vinaigre de vin aux zestes d&rsquo;orange et cardamome verte 1 cuil. \u00e0 caf\u00e9 de [&hellip;]\" \/>\n<meta property=\"og:url\" content=\"http:\/\/poilfolvinaigrerie.fr\/index.php\/vinaigrette-au-curry-de-madras\/\" \/>\n<meta property=\"og:site_name\" content=\"Vinaigrerie Poilfol\" \/>\n<meta property=\"article:modified_time\" content=\"2023-07-14T15:05:23+00:00\" \/>\n<meta property=\"og:image\" content=\"http:\/\/poilfolvinaigrerie.fr\/wp-content\/uploads\/2023\/05\/POILFOL_-_LOGO_-_COULEUR-21024_1-removebg-1.png\" \/>\n\t<meta property=\"og:image:width\" content=\"1020\" \/>\n\t<meta property=\"og:image:height\" content=\"1024\" \/>\n\t<meta property=\"og:image:type\" content=\"image\/png\" \/>\n<meta name=\"twitter:card\" content=\"summary_large_image\" \/>\n<meta name=\"twitter:label1\" content=\"Dur\u00e9e de lecture estim\u00e9e\" \/>\n\t<meta name=\"twitter:data1\" content=\"1 minute\" \/>\n<script type=\"application\/ld+json\" class=\"yoast-schema-graph\">{\"@context\":\"https:\/\/schema.org\",\"@graph\":[{\"@type\":\"WebPage\",\"@id\":\"http:\/\/poilfolvinaigrerie.fr\/index.php\/vinaigrette-au-curry-de-madras\/\",\"url\":\"http:\/\/poilfolvinaigrerie.fr\/index.php\/vinaigrette-au-curry-de-madras\/\",\"name\":\"Vinaigrette au curry de Madras - Vinaigrerie Poilfol\",\"isPartOf\":{\"@id\":\"http:\/\/poilfolvinaigrerie.fr\/#website\"},\"datePublished\":\"2023-07-14T15:03:32+00:00\",\"dateModified\":\"2023-07-14T15:05:23+00:00\",\"breadcrumb\":{\"@id\":\"http:\/\/poilfolvinaigrerie.fr\/index.php\/vinaigrette-au-curry-de-madras\/#breadcrumb\"},\"inLanguage\":\"fr-FR\",\"potentialAction\":[{\"@type\":\"ReadAction\",\"target\":[\"http:\/\/poilfolvinaigrerie.fr\/index.php\/vinaigrette-au-curry-de-madras\/\"]}]},{\"@type\":\"BreadcrumbList\",\"@id\":\"http:\/\/poilfolvinaigrerie.fr\/index.php\/vinaigrette-au-curry-de-madras\/#breadcrumb\",\"itemListElement\":[{\"@type\":\"ListItem\",\"position\":1,\"name\":\"Accueil\",\"item\":\"http:\/\/poilfolvinaigrerie.fr\/\"},{\"@type\":\"ListItem\",\"position\":2,\"name\":\"Vinaigrette au curry de Madras\"}]},{\"@type\":\"WebSite\",\"@id\":\"http:\/\/poilfolvinaigrerie.fr\/#website\",\"url\":\"http:\/\/poilfolvinaigrerie.fr\/\",\"name\":\"Vinaigrerie Poilfol\",\"description\":\"Vinaigrerie Artisanale et biologique\",\"publisher\":{\"@id\":\"http:\/\/poilfolvinaigrerie.fr\/#organization\"},\"potentialAction\":[{\"@type\":\"SearchAction\",\"target\":{\"@type\":\"EntryPoint\",\"urlTemplate\":\"http:\/\/poilfolvinaigrerie.fr\/?s={search_term_string}\"},\"query-input\":\"required name=search_term_string\"}],\"inLanguage\":\"fr-FR\"},{\"@type\":\"Organization\",\"@id\":\"http:\/\/poilfolvinaigrerie.fr\/#organization\",\"name\":\"Vinaigrerie Poilfol\",\"url\":\"http:\/\/poilfolvinaigrerie.fr\/\",\"logo\":{\"@type\":\"ImageObject\",\"inLanguage\":\"fr-FR\",\"@id\":\"http:\/\/poilfolvinaigrerie.fr\/#\/schema\/logo\/image\/\",\"url\":\"http:\/\/poilfolvinaigrerie.fr\/wp-content\/uploads\/2023\/05\/cropped-POILFOL_-_LOGO_-_COULEUR-21024_1-removebg-preview.png\",\"contentUrl\":\"http:\/\/poilfolvinaigrerie.fr\/wp-content\/uploads\/2023\/05\/cropped-POILFOL_-_LOGO_-_COULEUR-21024_1-removebg-preview.png\",\"width\":433,\"height\":430,\"caption\":\"Vinaigrerie Poilfol\"},\"image\":{\"@id\":\"http:\/\/poilfolvinaigrerie.fr\/#\/schema\/logo\/image\/\"},\"sameAs\":[\"https:\/\/instagram.com\/yoast\"]}]}<\/script>\n<!-- \/ Yoast SEO plugin. -->","yoast_head_json":{"title":"Vinaigrette au curry de Madras - Vinaigrerie Poilfol","robots":{"index":"index","follow":"follow","max-snippet":"max-snippet:-1","max-image-preview":"max-image-preview:large","max-video-preview":"max-video-preview:-1"},"canonical":"http:\/\/poilfolvinaigrerie.fr\/index.php\/vinaigrette-au-curry-de-madras\/","og_locale":"fr_FR","og_type":"article","og_title":"Vinaigrette au curry de Madras - Vinaigrerie Poilfol","og_description":"Une vinaigrette parfum\u00e9e gr\u00e2ce \u00e0 la puissance du curry de Madras et la saveur anis\u00e9e de l&rsquo;estragon. Elle accompagnera parfaitement une salade de carottes ou des asperges cuites \u00e0 l&rsquo;eau. 4 cuil. \u00e0 soupe d&rsquo;huile d&rsquo;olive 2 cuil. \u00e0 soupe de vinaigre de vin aux zestes d&rsquo;orange et cardamome verte 1 cuil. \u00e0 caf\u00e9 de [&hellip;]","og_url":"http:\/\/poilfolvinaigrerie.fr\/index.php\/vinaigrette-au-curry-de-madras\/","og_site_name":"Vinaigrerie Poilfol","article_modified_time":"2023-07-14T15:05:23+00:00","og_image":[{"width":1020,"height":1024,"url":"http:\/\/poilfolvinaigrerie.fr\/wp-content\/uploads\/2023\/05\/POILFOL_-_LOGO_-_COULEUR-21024_1-removebg-1.png","type":"image\/png"}],"twitter_card":"summary_large_image","twitter_misc":{"Dur\u00e9e de lecture estim\u00e9e":"1 minute"},"schema":{"@context":"https:\/\/schema.org","@graph":[{"@type":"WebPage","@id":"http:\/\/poilfolvinaigrerie.fr\/index.php\/vinaigrette-au-curry-de-madras\/","url":"http:\/\/poilfolvinaigrerie.fr\/index.php\/vinaigrette-au-curry-de-madras\/","name":"Vinaigrette au curry de Madras - Vinaigrerie Poilfol","isPartOf":{"@id":"http:\/\/poilfolvinaigrerie.fr\/#website"},"datePublished":"2023-07-14T15:03:32+00:00","dateModified":"2023-07-14T15:05:23+00:00","breadcrumb":{"@id":"http:\/\/poilfolvinaigrerie.fr\/index.php\/vinaigrette-au-curry-de-madras\/#breadcrumb"},"inLanguage":"fr-FR","potentialAction":[{"@type":"ReadAction","target":["http:\/\/poilfolvinaigrerie.fr\/index.php\/vinaigrette-au-curry-de-madras\/"]}]},{"@type":"BreadcrumbList","@id":"http:\/\/poilfolvinaigrerie.fr\/index.php\/vinaigrette-au-curry-de-madras\/#breadcrumb","itemListElement":[{"@type":"ListItem","position":1,"name":"Accueil","item":"http:\/\/poilfolvinaigrerie.fr\/"},{"@type":"ListItem","position":2,"name":"Vinaigrette au curry de Madras"}]},{"@type":"WebSite","@id":"http:\/\/poilfolvinaigrerie.fr\/#website","url":"http:\/\/poilfolvinaigrerie.fr\/","name":"Vinaigrerie Poilfol","description":"Vinaigrerie Artisanale et biologique","publisher":{"@id":"http:\/\/poilfolvinaigrerie.fr\/#organization"},"potentialAction":[{"@type":"SearchAction","target":{"@type":"EntryPoint","urlTemplate":"http:\/\/poilfolvinaigrerie.fr\/?s={search_term_string}"},"query-input":"required name=search_term_string"}],"inLanguage":"fr-FR"},{"@type":"Organization","@id":"http:\/\/poilfolvinaigrerie.fr\/#organization","name":"Vinaigrerie Poilfol","url":"http:\/\/poilfolvinaigrerie.fr\/","logo":{"@type":"ImageObject","inLanguage":"fr-FR","@id":"http:\/\/poilfolvinaigrerie.fr\/#\/schema\/logo\/image\/","url":"http:\/\/poilfolvinaigrerie.fr\/wp-content\/uploads\/2023\/05\/cropped-POILFOL_-_LOGO_-_COULEUR-21024_1-removebg-preview.png","contentUrl":"http:\/\/poilfolvinaigrerie.fr\/wp-content\/uploads\/2023\/05\/cropped-POILFOL_-_LOGO_-_COULEUR-21024_1-removebg-preview.png","width":433,"height":430,"caption":"Vinaigrerie Poilfol"},"image":{"@id":"http:\/\/poilfolvinaigrerie.fr\/#\/schema\/logo\/image\/"},"sameAs":["https:\/\/instagram.com\/yoast"]}]}},"_links":{"self":[{"href":"http:\/\/poilfolvinaigrerie.fr\/index.php\/wp-json\/wp\/v2\/pages\/978","targetHints":{"allow":["GET"]}}],"collection":[{"href":"http:\/\/poilfolvinaigrerie.fr\/index.php\/wp-json\/wp\/v2\/pages"}],"about":[{"href":"http:\/\/poilfolvinaigrerie.fr\/index.php\/wp-json\/wp\/v2\/types\/page"}],"author":[{"embeddable":true,"href":"http:\/\/poilfolvinaigrerie.fr\/index.php\/wp-json\/wp\/v2\/users\/1"}],"replies":[{"embeddable":true,"href":"http:\/\/poilfolvinaigrerie.fr\/index.php\/wp-json\/wp\/v2\/comments?post=978"}],"version-history":[{"count":5,"href":"http:\/\/poilfolvinaigrerie.fr\/index.php\/wp-json\/wp\/v2\/pages\/978\/revisions"}],"predecessor-version":[{"id":983,"href":"http:\/\/poilfolvinaigrerie.fr\/index.php\/wp-json\/wp\/v2\/pages\/978\/revisions\/983"}],"wp:attachment":[{"href":"http:\/\/poilfolvinaigrerie.fr\/index.php\/wp-json\/wp\/v2\/media?parent=978"}],"curies":[{"name":"wp","href":"https:\/\/api.w.org\/{rel}","templated":true}]}}