{"id":34,"date":"2023-04-26T18:21:22","date_gmt":"2023-04-26T16:21:22","guid":{"rendered":"http:\/\/poilfolvinaigrerie.fr\/?page_id=34"},"modified":"2023-12-22T18:33:30","modified_gmt":"2023-12-22T17:33:30","slug":"idees-recettes","status":"publish","type":"page","link":"https:\/\/poilfolvinaigrerie.fr\/index.php\/idees-recettes\/","title":{"rendered":"Id\u00e9es recettes"},"content":{"rendered":"\t\t<div data-elementor-type=\"wp-page\" data-elementor-id=\"34\" class=\"elementor elementor-34\">\n\t\t\t\t\t\t\t\t\t<section class=\"elementor-section elementor-top-section elementor-element elementor-element-608f77d elementor-section-boxed elementor-section-height-default elementor-section-height-default\" data-id=\"608f77d\" data-element_type=\"section\">\n\t\t\t\t\t\t<div class=\"elementor-container elementor-column-gap-default\">\n\t\t\t\t\t<div class=\"elementor-column elementor-col-100 elementor-top-column elementor-element elementor-element-604cae3\" data-id=\"604cae3\" data-element_type=\"column\">\n\t\t\t<div class=\"elementor-widget-wrap elementor-element-populated\">\n\t\t\t\t\t\t\t\t<div class=\"elementor-element elementor-element-1b33b8b elementor-position-top elementor-vertical-align-top elementor-widget elementor-widget-image-box\" data-id=\"1b33b8b\" data-element_type=\"widget\" data-widget_type=\"image-box.default\">\n\t\t\t\t<div class=\"elementor-widget-container\">\n\t\t\t<style>\/*! elementor - v3.12.2 - 23-04-2023 *\/\n.elementor-widget-image-box .elementor-image-box-content{width:100%}@media (min-width:768px){.elementor-widget-image-box.elementor-position-left .elementor-image-box-wrapper,.elementor-widget-image-box.elementor-position-right .elementor-image-box-wrapper{display:flex}.elementor-widget-image-box.elementor-position-right .elementor-image-box-wrapper{text-align:right;flex-direction:row-reverse}.elementor-widget-image-box.elementor-position-left .elementor-image-box-wrapper{text-align:left;flex-direction:row}.elementor-widget-image-box.elementor-position-top .elementor-image-box-img{margin:auto}.elementor-widget-image-box.elementor-vertical-align-top .elementor-image-box-wrapper{align-items:flex-start}.elementor-widget-image-box.elementor-vertical-align-middle .elementor-image-box-wrapper{align-items:center}.elementor-widget-image-box.elementor-vertical-align-bottom .elementor-image-box-wrapper{align-items:flex-end}}@media (max-width:767px){.elementor-widget-image-box .elementor-image-box-img{margin-left:auto!important;margin-right:auto!important;margin-bottom:15px}}.elementor-widget-image-box .elementor-image-box-img{display:inline-block}.elementor-widget-image-box .elementor-image-box-title a{color:inherit}.elementor-widget-image-box .elementor-image-box-wrapper{text-align:center}.elementor-widget-image-box .elementor-image-box-description{margin:0}<\/style><div class=\"elementor-image-box-wrapper\"><figure class=\"elementor-image-box-img\"><img loading=\"lazy\" decoding=\"async\" width=\"300\" height=\"200\" src=\"https:\/\/poilfolvinaigrerie.fr\/wp-content\/uploads\/2023\/05\/IMG_2750-300x200.jpg\" class=\"attachment-medium size-medium wp-image-513\" alt=\"Nos vinaigres\" srcset=\"https:\/\/poilfolvinaigrerie.fr\/wp-content\/uploads\/2023\/05\/IMG_2750-300x200.jpg 300w, https:\/\/poilfolvinaigrerie.fr\/wp-content\/uploads\/2023\/05\/IMG_2750-1024x683.jpg 1024w, https:\/\/poilfolvinaigrerie.fr\/wp-content\/uploads\/2023\/05\/IMG_2750-768x512.jpg 768w, https:\/\/poilfolvinaigrerie.fr\/wp-content\/uploads\/2023\/05\/IMG_2750-1536x1024.jpg 1536w, https:\/\/poilfolvinaigrerie.fr\/wp-content\/uploads\/2023\/05\/IMG_2750-2048x1365.jpg 2048w\" sizes=\"auto, (max-width: 300px) 100vw, 300px\" \/><\/figure><div class=\"elementor-image-box-content\"><p class=\"elementor-image-box-description\">Etonnez votre famille et vos amis avec<b> <\/b>nos recettes un \"POIL FOL\".<br>Retrouvez des recettes simples et de tous les jours avec des ingr\u00e9dients faciles \u00e0 trouver pour une cuisine parfum\u00e9e et go\u00fbteuse. <br>Un voyage gastronomique au bilan carbone ma\u00eetris\u00e9 ! <\/p><\/div><\/div>\t\t<\/div>\n\t\t\t\t<\/div>\n\t\t\t\t\t<\/div>\n\t\t<\/div>\n\t\t\t\t\t\t\t<\/div>\n\t\t<\/section>\n\t\t\t\t<section class=\"elementor-section elementor-top-section elementor-element elementor-element-dd3ad6f elementor-section-boxed elementor-section-height-default elementor-section-height-default\" data-id=\"dd3ad6f\" data-element_type=\"section\">\n\t\t\t\t\t\t<div class=\"elementor-container elementor-column-gap-default\">\n\t\t\t\t\t<div class=\"elementor-column elementor-col-50 elementor-top-column elementor-element elementor-element-01be20e\" data-id=\"01be20e\" data-element_type=\"column\">\n\t\t\t<div class=\"elementor-widget-wrap elementor-element-populated\">\n\t\t\t\t\t\t\t\t<div class=\"elementor-element elementor-element-c8fb6e8 elementor-widget elementor-widget-text-editor\" data-id=\"c8fb6e8\" data-element_type=\"widget\" data-widget_type=\"text-editor.default\">\n\t\t\t\t<div class=\"elementor-widget-container\">\n\t\t\t<style>\/*! elementor - v3.12.2 - 23-04-2023 *\/\n.elementor-widget-text-editor.elementor-drop-cap-view-stacked .elementor-drop-cap{background-color:#69727d;color:#fff}.elementor-widget-text-editor.elementor-drop-cap-view-framed .elementor-drop-cap{color:#69727d;border:3px solid;background-color:transparent}.elementor-widget-text-editor:not(.elementor-drop-cap-view-default) .elementor-drop-cap{margin-top:8px}.elementor-widget-text-editor:not(.elementor-drop-cap-view-default) .elementor-drop-cap-letter{width:1em;height:1em}.elementor-widget-text-editor .elementor-drop-cap{float:left;text-align:center;line-height:1;font-size:50px}.elementor-widget-text-editor .elementor-drop-cap-letter{display:inline-block}<\/style>\t\t\t\t<h1><span style=\"text-decoration: underline;\">Nos<\/span><span style=\"text-decoration: underline;\"> entr\u00e9es<\/span> :<\/h1>\n<ul>\n<li><a href=\"http:\/\/poilfolvinaigrerie.fr\/index.php\/idees-recettes\/pakora\/\">Pakora<\/a> (Inde)<\/li>\n<li><a href=\"http:\/\/poilfolvinaigrerie.fr\/index.php\/salade-de-pois-chiche-et-betteraves-cuites\/\" rel=\"noopener\">Salade de pois chiche et betteraves<\/a><\/li>\n<li><a href=\"http:\/\/poilfolvinaigrerie.fr\/index.php\/rillettes-de-maquereaux\/\">Rillettes de Maquereaux<\/a><\/li>\n<li><a href=\"http:\/\/poilfolvinaigrerie.fr\/index.php\/salade-de-pois-chiche-et-tomates\/\">Salade de pois chiche et tomates<\/a><\/li>\n<li><a href=\"http:\/\/poilfolvinaigrerie.fr\/index.php\/carpaccio-de-bar-aux-pommes\/\" target=\"_blank\" rel=\"noopener\">Carpaccio de bar aux pommes<\/a><\/li>\n<li><a href=\"http:\/\/poilfolvinaigrerie.fr\/index.php\/salade-de-mache-aux-magrets-de-canard-fume\/\" target=\"_blank\" rel=\"noopener\">Salade de m\u00e2che aux magrets de canard fum\u00e9<\/a><\/li>\n<li><a href=\"http:\/\/poilfolvinaigrerie.fr\/index.php\/brochettes-de-poulet-satay\/\">Brochettes de Poulet Satay<\/a> (Malaisie)<\/li>\n<li><a href=\"http:\/\/poilfolvinaigrerie.fr\/index.php\/melon-roti-et-chiffonade-de-jambon-cru\/\" target=\"_blank\">Melon r\u00f4ti et chiffonade de jambon cru<\/a><\/li>\n<li><a href=\"http:\/\/poilfolvinaigrerie.fr\/index.php\/veloute-de-butternut-au-garam-masala\/\">Velout\u00e9 de Butternut au Garam Masala<\/a><br><\/li>\n<\/ul>\n<h1><span style=\"text-decoration: underline;\">Nos plats principaux :<\/span><\/h1>\n<ul>\n<li><a href=\"http:\/\/poilfolvinaigrerie.fr\/index.php\/crevettes-masala\/\" rel=\"noopener\">Crevettes Masala<\/a> (Inde)<\/li>\n<li><a href=\"http:\/\/poilfolvinaigrerie.fr\/index.php\/saumon-roti-aux-aromates\/\">Saumon roti aux aromates<\/a><\/li>\n<li><a href=\"http:\/\/poilfolvinaigrerie.fr\/index.php\/poulet-tandoori\/\">Poulet Tandoori<\/a> (Inde)<\/li>\n<li><a href=\"http:\/\/poilfolvinaigrerie.fr\/index.php\/poulet-au-vinaigre\/\">Poulet au Vinaigre<\/a> (Lyon)<\/li>\n<li><a href=\"http:\/\/poilfolvinaigrerie.fr\/index.php\/escalopes-de-veau-sauce-vinagree\/\" target=\"_blank\" rel=\"noopener\">Escalopes de veau, sauce vinaigr\u00e9e<\/a><\/li>\n<li><a href=\"http:\/\/poilfolvinaigrerie.fr\/index.php\/magret-de-canard-au-vinaigre-de-vin-aromatise-a-la-framboise\/\" target=\"_blank\" rel=\"noopener\">Magrets de canard au vinaigre de vin \u00e0 la framboise<\/a><\/li>\n<li><a href=\"http:\/\/poilfolvinaigrerie.fr\/index.php\/dahl-de-lentilles\/\">Dahl de lentilles<\/a> (Inde)<\/li>\n<li><a href=\"http:\/\/poilfolvinaigrerie.fr\/index.php\/mignon-de-porc-au-gingembre-et-ananas\/\">Mignon de porc au Gingembre et Ananas<\/a><\/li>\n<li><a href=\"http:\/\/poilfolvinaigrerie.fr\/index.php\/poulet-aux-5-epices-et-au-soja\/\">Poulet aux 5 \u00e9pices et au soja<\/a> (Vietnam)<\/li>\n<li><a href=\"http:\/\/poilfolvinaigrerie.fr\/index.php\/poulet-au-citron-et-zaatar\/\">Le poulet au citron et Za&rsquo;atar de Carla Rebeiz<\/a><\/li>\n<li><a href=\"http:\/\/poilfolvinaigrerie.fr\/index.php\/pommes-de-terre-au-zaatar\/\" target=\"_blank\">Pommes de terre nouvelles au Za&rsquo;atar<\/a><\/li>\n<\/ul>\t\t\t\t\t\t<\/div>\n\t\t\t\t<\/div>\n\t\t\t\t<div class=\"elementor-element elementor-element-3094d8a elementor-widget elementor-widget-text-editor\" data-id=\"3094d8a\" data-element_type=\"widget\" data-widget_type=\"text-editor.default\">\n\t\t\t\t<div class=\"elementor-widget-container\">\n\t\t\t\t\t\t\t\t\t\t\t\t\t<\/div>\n\t\t\t\t<\/div>\n\t\t\t\t\t<\/div>\n\t\t<\/div>\n\t\t\t\t<div class=\"elementor-column elementor-col-50 elementor-top-column elementor-element elementor-element-1e7e914\" data-id=\"1e7e914\" data-element_type=\"column\">\n\t\t\t<div class=\"elementor-widget-wrap elementor-element-populated\">\n\t\t\t\t\t\t\t\t<div class=\"elementor-element elementor-element-edd255c elementor-widget elementor-widget-text-editor\" data-id=\"edd255c\" data-element_type=\"widget\" data-widget_type=\"text-editor.default\">\n\t\t\t\t<div class=\"elementor-widget-container\">\n\t\t\t\t\t\t\t<h1><strong><span style=\"text-decoration: underline;\">Nos vinaigrettes, sauces et marinades<\/span><\/strong><b> :<\/b><\/h1>\n<ul>\n<li><a href=\"http:\/\/poilfolvinaigrerie.fr\/index.php\/chutney-menthe-coriandre\/\">Chutney Menthe\/Coriandre<\/a> (Inde)<\/li>\n<li><a href=\"http:\/\/poilfolvinaigrerie.fr\/index.php\/vinaigrette-asiatique\/\" target=\"_blank\" rel=\"noopener\">Vinaigrette asiatique<\/a><\/li>\n<li><a href=\"http:\/\/poilfolvinaigrerie.fr\/index.php\/marinade-vinaigree-pour-poulet\/\">Marinade vinaigr\u00e9e pour poulet<\/a><\/li>\n<li><a href=\"http:\/\/poilfolvinaigrerie.fr\/index.php\/marinade-asiatique-pour-brochettes-de-porc\/\">Marinade asiatique pour brochettes de porc<\/a> (Vietnam)<\/li>\n<li><a href=\"http:\/\/poilfolvinaigrerie.fr\/index.php\/vinaigrette-au-curry-de-madras\/\">Vinaigrette au Curry de Madras<\/a><\/li>\n<li><a href=\"http:\/\/poilfolvinaigrerie.fr\/index.php\/marinade-pour-poissons-gambas\/\">Marinade asiatique pour poissons et gambas<\/a><\/li>\n<li><a href=\"http:\/\/poilfolvinaigrerie.fr\/index.php\/marinade-pour-brochettes-de-boeuf\/\" target=\"_blank\" rel=\"noopener\">Marinade pour brochettes de boeuf<\/a><\/li>\n<\/ul>\n<div>&nbsp;<\/div>\n<h1><span style=\"text-decoration: underline;\">Sucreries :<br><\/span><\/h1>\n<ul>\n<li><a href=\"http:\/\/poilfolvinaigrerie.fr\/index.php\/croquants-aux-amandes\/\">Croquants aux amandes<\/a><\/li><li><a href=\"http:\/\/poilfolvinaigrerie.fr\/index.php\/pain-depices\/\" target=\"_blank\">Pain d\u00e9pices<\/a><\/li>\n<\/ul>\n<div>&nbsp;<\/div>\t\t\t\t\t\t<\/div>\n\t\t\t\t<\/div>\n\t\t\t\t\t<\/div>\n\t\t<\/div>\n\t\t\t\t\t\t\t<\/div>\n\t\t<\/section>\n\t\t\t\t<section class=\"elementor-section elementor-top-section elementor-element elementor-element-5322391 elementor-section-boxed elementor-section-height-default elementor-section-height-default\" data-id=\"5322391\" data-element_type=\"section\">\n\t\t\t\t\t\t<div class=\"elementor-container elementor-column-gap-default\">\n\t\t\t\t\t<div class=\"elementor-column elementor-col-100 elementor-top-column elementor-element elementor-element-31e112e\" data-id=\"31e112e\" data-element_type=\"column\">\n\t\t\t<div class=\"elementor-widget-wrap elementor-element-populated\">\n\t\t\t\t\t\t\t\t<div class=\"elementor-element elementor-element-fa3a106 elementor-widget elementor-widget-text-editor\" data-id=\"fa3a106\" data-element_type=\"widget\" data-widget_type=\"text-editor.default\">\n\t\t\t\t<div class=\"elementor-widget-container\">\n\t\t\t\t\t\t\t<h4>To be continued&#8230;<\/h4>\t\t\t\t\t\t<\/div>\n\t\t\t\t<\/div>\n\t\t\t\t\t<\/div>\n\t\t<\/div>\n\t\t\t\t\t\t\t<\/div>\n\t\t<\/section>\n\t\t\t\t\t\t\t<\/div>\n\t\t","protected":false},"excerpt":{"rendered":"<p>Etonnez votre famille et vos amis avec nos recettes un \u00ab\u00a0POIL FOL\u00a0\u00bb.Retrouvez des recettes simples et de tous les jours avec des ingr\u00e9dients faciles \u00e0 trouver pour une cuisine parfum\u00e9e et go\u00fbteuse. Un voyage gastronomique au bilan carbone ma\u00eetris\u00e9 ! Nos entr\u00e9es : Pakora (Inde) Salade de pois chiche et betteraves Rillettes de Maquereaux Salade [&hellip;]<\/p>\n","protected":false},"author":1,"featured_media":0,"parent":0,"menu_order":0,"comment_status":"closed","ping_status":"closed","template":"","meta":{"ocean_post_layout":"","ocean_both_sidebars_style":"","ocean_both_sidebars_content_width":0,"ocean_both_sidebars_sidebars_width":0,"ocean_sidebar":"0","ocean_second_sidebar":"0","ocean_disable_margins":"enable","ocean_add_body_class":"","ocean_shortcode_before_top_bar":"","ocean_shortcode_after_top_bar":"","ocean_shortcode_before_header":"","ocean_shortcode_after_header":"","ocean_has_shortcode":"","ocean_shortcode_after_title":"","ocean_shortcode_before_footer_widgets":"","ocean_shortcode_after_footer_widgets":"","ocean_shortcode_before_footer_bottom":"","ocean_shortcode_after_footer_bottom":"","ocean_display_top_bar":"default","ocean_display_header":"default","ocean_header_style":"","ocean_center_header_left_menu":"0","ocean_custom_header_template":"0","ocean_custom_logo":0,"ocean_custom_retina_logo":0,"ocean_custom_logo_max_width":0,"ocean_custom_logo_tablet_max_width":0,"ocean_custom_logo_mobile_max_width":0,"ocean_custom_logo_max_height":0,"ocean_custom_logo_tablet_max_height":0,"ocean_custom_logo_mobile_max_height":0,"ocean_header_custom_menu":"0","ocean_menu_typo_font_family":"0","ocean_menu_typo_font_subset":"","ocean_menu_typo_font_size":0,"ocean_menu_typo_font_size_tablet":0,"ocean_menu_typo_font_size_mobile":0,"ocean_menu_typo_font_size_unit":"px","ocean_menu_typo_font_weight":"","ocean_menu_typo_font_weight_tablet":"","ocean_menu_typo_font_weight_mobile":"","ocean_menu_typo_transform":"","ocean_menu_typo_transform_tablet":"","ocean_menu_typo_transform_mobile":"","ocean_menu_typo_line_height":0,"ocean_menu_typo_line_height_tablet":0,"ocean_menu_typo_line_height_mobile":0,"ocean_menu_typo_line_height_unit":"","ocean_menu_typo_spacing":0,"ocean_menu_typo_spacing_tablet":0,"ocean_menu_typo_spacing_mobile":0,"ocean_menu_typo_spacing_unit":"","ocean_menu_link_color":"","ocean_menu_link_color_hover":"","ocean_menu_link_color_active":"","ocean_menu_link_background":"","ocean_menu_link_hover_background":"","ocean_menu_link_active_background":"","ocean_menu_social_links_bg":"","ocean_menu_social_hover_links_bg":"","ocean_menu_social_links_color":"","ocean_menu_social_hover_links_color":"","ocean_disable_title":"default","ocean_disable_heading":"default","ocean_post_title":"","ocean_post_subheading":"","ocean_post_title_style":"","ocean_post_title_background_color":"","ocean_post_title_background":0,"ocean_post_title_bg_image_position":"","ocean_post_title_bg_image_attachment":"","ocean_post_title_bg_image_repeat":"","ocean_post_title_bg_image_size":"","ocean_post_title_height":0,"ocean_post_title_bg_overlay":0.5,"ocean_post_title_bg_overlay_color":"","ocean_disable_breadcrumbs":"default","ocean_breadcrumbs_color":"","ocean_breadcrumbs_separator_color":"","ocean_breadcrumbs_links_color":"","ocean_breadcrumbs_links_hover_color":"","ocean_display_footer_widgets":"default","ocean_display_footer_bottom":"default","ocean_custom_footer_template":"0","footnotes":""},"class_list":["post-34","page","type-page","status-publish","hentry","entry"],"yoast_head":"<!-- This site is optimized with the Yoast SEO plugin v20.8 - https:\/\/yoast.com\/wordpress\/plugins\/seo\/ -->\n<title>Id\u00e9es recettes - Vinaigrerie Poilfol<\/title>\n<meta name=\"robots\" content=\"index, follow, max-snippet:-1, max-image-preview:large, max-video-preview:-1\" \/>\n<link rel=\"canonical\" href=\"http:\/\/poilfolvinaigrerie.fr\/index.php\/idees-recettes\/\" \/>\n<meta property=\"og:locale\" content=\"fr_FR\" \/>\n<meta property=\"og:type\" content=\"article\" \/>\n<meta property=\"og:title\" content=\"Id\u00e9es recettes - Vinaigrerie Poilfol\" \/>\n<meta property=\"og:description\" content=\"Etonnez votre famille et vos amis avec nos recettes un \u00ab\u00a0POIL FOL\u00a0\u00bb.Retrouvez des recettes simples et de tous les jours avec des ingr\u00e9dients faciles \u00e0 trouver pour une cuisine parfum\u00e9e et go\u00fbteuse. Un voyage gastronomique au bilan carbone ma\u00eetris\u00e9 ! Nos entr\u00e9es : Pakora (Inde) Salade de pois chiche et betteraves Rillettes de Maquereaux Salade [&hellip;]\" \/>\n<meta property=\"og:url\" content=\"http:\/\/poilfolvinaigrerie.fr\/index.php\/idees-recettes\/\" \/>\n<meta property=\"og:site_name\" content=\"Vinaigrerie Poilfol\" \/>\n<meta property=\"article:modified_time\" content=\"2023-12-22T17:33:30+00:00\" \/>\n<meta property=\"og:image\" content=\"http:\/\/poilfolvinaigrerie.fr\/wp-content\/uploads\/2023\/05\/IMG_2750-300x200.jpg\" \/>\n<meta name=\"twitter:card\" content=\"summary_large_image\" \/>\n<meta name=\"twitter:label1\" content=\"Dur\u00e9e de lecture estim\u00e9e\" \/>\n\t<meta name=\"twitter:data1\" content=\"2 minutes\" \/>\n<script type=\"application\/ld+json\" class=\"yoast-schema-graph\">{\"@context\":\"https:\/\/schema.org\",\"@graph\":[{\"@type\":\"WebPage\",\"@id\":\"http:\/\/poilfolvinaigrerie.fr\/index.php\/idees-recettes\/\",\"url\":\"http:\/\/poilfolvinaigrerie.fr\/index.php\/idees-recettes\/\",\"name\":\"Id\u00e9es recettes - Vinaigrerie Poilfol\",\"isPartOf\":{\"@id\":\"http:\/\/poilfolvinaigrerie.fr\/#website\"},\"datePublished\":\"2023-04-26T16:21:22+00:00\",\"dateModified\":\"2023-12-22T17:33:30+00:00\",\"breadcrumb\":{\"@id\":\"http:\/\/poilfolvinaigrerie.fr\/index.php\/idees-recettes\/#breadcrumb\"},\"inLanguage\":\"fr-FR\",\"potentialAction\":[{\"@type\":\"ReadAction\",\"target\":[\"http:\/\/poilfolvinaigrerie.fr\/index.php\/idees-recettes\/\"]}]},{\"@type\":\"BreadcrumbList\",\"@id\":\"http:\/\/poilfolvinaigrerie.fr\/index.php\/idees-recettes\/#breadcrumb\",\"itemListElement\":[{\"@type\":\"ListItem\",\"position\":1,\"name\":\"Accueil\",\"item\":\"http:\/\/poilfolvinaigrerie.fr\/\"},{\"@type\":\"ListItem\",\"position\":2,\"name\":\"Id\u00e9es recettes\"}]},{\"@type\":\"WebSite\",\"@id\":\"http:\/\/poilfolvinaigrerie.fr\/#website\",\"url\":\"http:\/\/poilfolvinaigrerie.fr\/\",\"name\":\"Vinaigrerie Poilfol\",\"description\":\"Vinaigrerie Artisanale et biologique\",\"publisher\":{\"@id\":\"http:\/\/poilfolvinaigrerie.fr\/#organization\"},\"potentialAction\":[{\"@type\":\"SearchAction\",\"target\":{\"@type\":\"EntryPoint\",\"urlTemplate\":\"http:\/\/poilfolvinaigrerie.fr\/?s={search_term_string}\"},\"query-input\":\"required name=search_term_string\"}],\"inLanguage\":\"fr-FR\"},{\"@type\":\"Organization\",\"@id\":\"http:\/\/poilfolvinaigrerie.fr\/#organization\",\"name\":\"Vinaigrerie Poilfol\",\"url\":\"http:\/\/poilfolvinaigrerie.fr\/\",\"logo\":{\"@type\":\"ImageObject\",\"inLanguage\":\"fr-FR\",\"@id\":\"http:\/\/poilfolvinaigrerie.fr\/#\/schema\/logo\/image\/\",\"url\":\"https:\/\/poilfolvinaigrerie.fr\/wp-content\/uploads\/2023\/05\/cropped-POILFOL_-_LOGO_-_COULEUR-21024_1-removebg-preview.png\",\"contentUrl\":\"https:\/\/poilfolvinaigrerie.fr\/wp-content\/uploads\/2023\/05\/cropped-POILFOL_-_LOGO_-_COULEUR-21024_1-removebg-preview.png\",\"width\":433,\"height\":430,\"caption\":\"Vinaigrerie Poilfol\"},\"image\":{\"@id\":\"http:\/\/poilfolvinaigrerie.fr\/#\/schema\/logo\/image\/\"},\"sameAs\":[\"https:\/\/instagram.com\/yoast\"]}]}<\/script>\n<!-- \/ Yoast SEO plugin. -->","yoast_head_json":{"title":"Id\u00e9es recettes - Vinaigrerie Poilfol","robots":{"index":"index","follow":"follow","max-snippet":"max-snippet:-1","max-image-preview":"max-image-preview:large","max-video-preview":"max-video-preview:-1"},"canonical":"http:\/\/poilfolvinaigrerie.fr\/index.php\/idees-recettes\/","og_locale":"fr_FR","og_type":"article","og_title":"Id\u00e9es recettes - Vinaigrerie Poilfol","og_description":"Etonnez votre famille et vos amis avec nos recettes un \u00ab\u00a0POIL FOL\u00a0\u00bb.Retrouvez des recettes simples et de tous les jours avec des ingr\u00e9dients faciles \u00e0 trouver pour une cuisine parfum\u00e9e et go\u00fbteuse. Un voyage gastronomique au bilan carbone ma\u00eetris\u00e9 ! Nos entr\u00e9es : Pakora (Inde) Salade de pois chiche et betteraves Rillettes de Maquereaux Salade [&hellip;]","og_url":"http:\/\/poilfolvinaigrerie.fr\/index.php\/idees-recettes\/","og_site_name":"Vinaigrerie Poilfol","article_modified_time":"2023-12-22T17:33:30+00:00","og_image":[{"url":"http:\/\/poilfolvinaigrerie.fr\/wp-content\/uploads\/2023\/05\/IMG_2750-300x200.jpg"}],"twitter_card":"summary_large_image","twitter_misc":{"Dur\u00e9e de lecture estim\u00e9e":"2 minutes"},"schema":{"@context":"https:\/\/schema.org","@graph":[{"@type":"WebPage","@id":"http:\/\/poilfolvinaigrerie.fr\/index.php\/idees-recettes\/","url":"http:\/\/poilfolvinaigrerie.fr\/index.php\/idees-recettes\/","name":"Id\u00e9es recettes - Vinaigrerie Poilfol","isPartOf":{"@id":"http:\/\/poilfolvinaigrerie.fr\/#website"},"datePublished":"2023-04-26T16:21:22+00:00","dateModified":"2023-12-22T17:33:30+00:00","breadcrumb":{"@id":"http:\/\/poilfolvinaigrerie.fr\/index.php\/idees-recettes\/#breadcrumb"},"inLanguage":"fr-FR","potentialAction":[{"@type":"ReadAction","target":["http:\/\/poilfolvinaigrerie.fr\/index.php\/idees-recettes\/"]}]},{"@type":"BreadcrumbList","@id":"http:\/\/poilfolvinaigrerie.fr\/index.php\/idees-recettes\/#breadcrumb","itemListElement":[{"@type":"ListItem","position":1,"name":"Accueil","item":"http:\/\/poilfolvinaigrerie.fr\/"},{"@type":"ListItem","position":2,"name":"Id\u00e9es recettes"}]},{"@type":"WebSite","@id":"http:\/\/poilfolvinaigrerie.fr\/#website","url":"http:\/\/poilfolvinaigrerie.fr\/","name":"Vinaigrerie Poilfol","description":"Vinaigrerie Artisanale et biologique","publisher":{"@id":"http:\/\/poilfolvinaigrerie.fr\/#organization"},"potentialAction":[{"@type":"SearchAction","target":{"@type":"EntryPoint","urlTemplate":"http:\/\/poilfolvinaigrerie.fr\/?s={search_term_string}"},"query-input":"required name=search_term_string"}],"inLanguage":"fr-FR"},{"@type":"Organization","@id":"http:\/\/poilfolvinaigrerie.fr\/#organization","name":"Vinaigrerie Poilfol","url":"http:\/\/poilfolvinaigrerie.fr\/","logo":{"@type":"ImageObject","inLanguage":"fr-FR","@id":"http:\/\/poilfolvinaigrerie.fr\/#\/schema\/logo\/image\/","url":"https:\/\/poilfolvinaigrerie.fr\/wp-content\/uploads\/2023\/05\/cropped-POILFOL_-_LOGO_-_COULEUR-21024_1-removebg-preview.png","contentUrl":"https:\/\/poilfolvinaigrerie.fr\/wp-content\/uploads\/2023\/05\/cropped-POILFOL_-_LOGO_-_COULEUR-21024_1-removebg-preview.png","width":433,"height":430,"caption":"Vinaigrerie Poilfol"},"image":{"@id":"http:\/\/poilfolvinaigrerie.fr\/#\/schema\/logo\/image\/"},"sameAs":["https:\/\/instagram.com\/yoast"]}]}},"_links":{"self":[{"href":"https:\/\/poilfolvinaigrerie.fr\/index.php\/wp-json\/wp\/v2\/pages\/34","targetHints":{"allow":["GET"]}}],"collection":[{"href":"https:\/\/poilfolvinaigrerie.fr\/index.php\/wp-json\/wp\/v2\/pages"}],"about":[{"href":"https:\/\/poilfolvinaigrerie.fr\/index.php\/wp-json\/wp\/v2\/types\/page"}],"author":[{"embeddable":true,"href":"https:\/\/poilfolvinaigrerie.fr\/index.php\/wp-json\/wp\/v2\/users\/1"}],"replies":[{"embeddable":true,"href":"https:\/\/poilfolvinaigrerie.fr\/index.php\/wp-json\/wp\/v2\/comments?post=34"}],"version-history":[{"count":145,"href":"https:\/\/poilfolvinaigrerie.fr\/index.php\/wp-json\/wp\/v2\/pages\/34\/revisions"}],"predecessor-version":[{"id":1260,"href":"https:\/\/poilfolvinaigrerie.fr\/index.php\/wp-json\/wp\/v2\/pages\/34\/revisions\/1260"}],"wp:attachment":[{"href":"https:\/\/poilfolvinaigrerie.fr\/index.php\/wp-json\/wp\/v2\/media?parent=34"}],"curies":[{"name":"wp","href":"https:\/\/api.w.org\/{rel}","templated":true}]}}