{"id":49,"date":"2023-04-26T18:26:34","date_gmt":"2023-04-26T16:26:34","guid":{"rendered":"http:\/\/poilfolvinaigrerie.fr\/?page_id=49"},"modified":"2023-07-28T19:18:33","modified_gmt":"2023-07-28T17:18:33","slug":"notre-histoire","status":"publish","type":"page","link":"https:\/\/poilfolvinaigrerie.fr\/index.php\/notre-histoire\/","title":{"rendered":"Notre histoire"},"content":{"rendered":"\t\t<div data-elementor-type=\"wp-page\" data-elementor-id=\"49\" class=\"elementor elementor-49\">\n\t\t\t\t\t\t\t\t\t<section class=\"elementor-section elementor-top-section elementor-element elementor-element-423e909 elementor-section-boxed elementor-section-height-default elementor-section-height-default\" data-id=\"423e909\" data-element_type=\"section\">\n\t\t\t\t\t\t<div class=\"elementor-container elementor-column-gap-default\">\n\t\t\t\t\t<div class=\"elementor-column elementor-col-50 elementor-top-column elementor-element elementor-element-b19729f\" data-id=\"b19729f\" data-element_type=\"column\">\n\t\t\t<div class=\"elementor-widget-wrap elementor-element-populated\">\n\t\t\t\t\t\t\t\t<div class=\"elementor-element elementor-element-e5f15f4 elementor-widget elementor-widget-image\" data-id=\"e5f15f4\" data-element_type=\"widget\" data-widget_type=\"image.default\">\n\t\t\t\t<div class=\"elementor-widget-container\">\n\t\t\t<style>\/*! elementor - v3.12.2 - 23-04-2023 *\/\n.elementor-widget-image{text-align:center}.elementor-widget-image a{display:inline-block}.elementor-widget-image a img[src$=\".svg\"]{width:48px}.elementor-widget-image img{vertical-align:middle;display:inline-block}<\/style>\t\t\t\t\t\t\t\t\t\t\t\t<img loading=\"lazy\" decoding=\"async\" width=\"1024\" height=\"683\" src=\"https:\/\/poilfolvinaigrerie.fr\/wp-content\/uploads\/2023\/05\/IMG_2739-1024x683.jpg\" class=\"attachment-large size-large wp-image-495\" alt=\"Nos vinaigres\" srcset=\"https:\/\/poilfolvinaigrerie.fr\/wp-content\/uploads\/2023\/05\/IMG_2739-1024x683.jpg 1024w, https:\/\/poilfolvinaigrerie.fr\/wp-content\/uploads\/2023\/05\/IMG_2739-300x200.jpg 300w, https:\/\/poilfolvinaigrerie.fr\/wp-content\/uploads\/2023\/05\/IMG_2739-768x512.jpg 768w, https:\/\/poilfolvinaigrerie.fr\/wp-content\/uploads\/2023\/05\/IMG_2739-1536x1024.jpg 1536w, https:\/\/poilfolvinaigrerie.fr\/wp-content\/uploads\/2023\/05\/IMG_2739-2048x1365.jpg 2048w\" sizes=\"auto, (max-width: 1024px) 100vw, 1024px\" \/>\t\t\t\t\t\t\t\t\t\t\t\t\t\t\t<\/div>\n\t\t\t\t<\/div>\n\t\t\t\t\t<\/div>\n\t\t<\/div>\n\t\t\t\t<div class=\"elementor-column elementor-col-50 elementor-top-column elementor-element elementor-element-09e2de0\" data-id=\"09e2de0\" data-element_type=\"column\">\n\t\t\t<div class=\"elementor-widget-wrap elementor-element-populated\">\n\t\t\t\t\t\t\t\t<div class=\"elementor-element elementor-element-374060a elementor-widget elementor-widget-heading\" data-id=\"374060a\" data-element_type=\"widget\" data-widget_type=\"heading.default\">\n\t\t\t\t<div class=\"elementor-widget-container\">\n\t\t\t<style>\/*! elementor - v3.12.2 - 23-04-2023 *\/\n.elementor-heading-title{padding:0;margin:0;line-height:1}.elementor-widget-heading .elementor-heading-title[class*=elementor-size-]>a{color:inherit;font-size:inherit;line-height:inherit}.elementor-widget-heading .elementor-heading-title.elementor-size-small{font-size:15px}.elementor-widget-heading .elementor-heading-title.elementor-size-medium{font-size:19px}.elementor-widget-heading .elementor-heading-title.elementor-size-large{font-size:29px}.elementor-widget-heading .elementor-heading-title.elementor-size-xl{font-size:39px}.elementor-widget-heading .elementor-heading-title.elementor-size-xxl{font-size:59px}<\/style><h2 class=\"elementor-heading-title elementor-size-default\">C'est l'histoire d'une reconversion heureuse, de rencontres et de passions<\/h2>\t\t<\/div>\n\t\t\t\t<\/div>\n\t\t\t\t<div class=\"elementor-element elementor-element-ef3c77e elementor-widget elementor-widget-text-editor\" data-id=\"ef3c77e\" data-element_type=\"widget\" data-widget_type=\"text-editor.default\">\n\t\t\t\t<div class=\"elementor-widget-container\">\n\t\t\t<style>\/*! elementor - v3.12.2 - 23-04-2023 *\/\n.elementor-widget-text-editor.elementor-drop-cap-view-stacked .elementor-drop-cap{background-color:#69727d;color:#fff}.elementor-widget-text-editor.elementor-drop-cap-view-framed .elementor-drop-cap{color:#69727d;border:3px solid;background-color:transparent}.elementor-widget-text-editor:not(.elementor-drop-cap-view-default) .elementor-drop-cap{margin-top:8px}.elementor-widget-text-editor:not(.elementor-drop-cap-view-default) .elementor-drop-cap-letter{width:1em;height:1em}.elementor-widget-text-editor .elementor-drop-cap{float:left;text-align:center;line-height:1;font-size:50px}.elementor-widget-text-editor .elementor-drop-cap-letter{display:inline-block}<\/style>\t\t\t\t<p>C&rsquo;est lors d&rsquo;un s\u00e9jour de woofing chez des amis mara\u00eechers bio dans les C\u00e9vennes que j&rsquo;ai fait la rencontre de l&rsquo;une de leur voisine&#8230; vinaigri\u00e8re : Sylvie. Elle me pr\u00e9senta ses vinaigres et ce fut une r\u00e9v\u00e9lation\u00a0 !<\/p><p>Je me promettais de revenir pour en appprendre plus sur ce produit et ce m\u00e9tier de vinaigrier. Ainsi lors de mon s\u00e9jour suivant, je d\u00e9laissais quelque peu le mara\u00eechage pour passer du temps aupr\u00e8s de Sylvie. Celle-ci me montra tout de son m\u00e9tier, m&rsquo;expliqua la transformation du vin en vinaigre et me fit partager sa passion pour ce produit noble mais tant galvaud\u00e9 par l&rsquo;indsutrie agro-alimentaire.<\/p>\t\t\t\t\t\t<\/div>\n\t\t\t\t<\/div>\n\t\t\t\t\t<\/div>\n\t\t<\/div>\n\t\t\t\t\t\t\t<\/div>\n\t\t<\/section>\n\t\t\t\t<section class=\"elementor-section elementor-top-section elementor-element elementor-element-e651646 elementor-section-boxed elementor-section-height-default elementor-section-height-default\" data-id=\"e651646\" data-element_type=\"section\">\n\t\t\t\t\t\t<div class=\"elementor-container elementor-column-gap-default\">\n\t\t\t\t\t<div class=\"elementor-column elementor-col-50 elementor-top-column elementor-element elementor-element-60331b6\" data-id=\"60331b6\" data-element_type=\"column\">\n\t\t\t<div class=\"elementor-widget-wrap elementor-element-populated\">\n\t\t\t\t\t\t\t\t<div class=\"elementor-element elementor-element-c72b94b elementor-widget elementor-widget-text-editor\" data-id=\"c72b94b\" data-element_type=\"widget\" data-widget_type=\"text-editor.default\">\n\t\t\t\t<div class=\"elementor-widget-container\">\n\t\t\t\t\t\t\t<p>Apr\u00e8s une premi\u00e8re vie professionnelle pass\u00e9e sur Lyon, l&rsquo;envie de cr\u00e9er ma propore vinaigrerie, alli\u00e9e au besoin de nature et de grand air, m&rsquo;a progressivement rattrap\u00e9. Et c&rsquo;est en 2022 que j&rsquo;ai franchi le pas en choisissant ce magnifique et pourtant m\u00e9connu d\u00e9partement de la Ni\u00e8vre, pour m&rsquo;installer \u00e0 <b>Savigny-Poil-Fol<\/b>, petit village situ\u00e9 au pied du Morvan, au milieu du bocage et de ses vaches charolaises.<\/p>\n<p>J&rsquo;ai cr\u00e9\u00e9 la <strong>Vinaigrerie Poil Fol<\/strong>, vinaigrerie artisanale et biologique en ao\u00fbt 2022.<\/p>\n<p>Je r\u00e9alise mon vinaigre en transformant du vin biologique que je choisis m\u00e9ticuleusement. Une fois la fermentation ac\u00e9tique op\u00e9r\u00e9e, je le laisse reposer plusieurs mois dans des f\u00fbts de ch\u00eane pour obtenir un vinaigre de caract\u00e8re. J&rsquo;aromatise ensuite mon vinaigre, par une mac\u00e9ration lente, selon des recettes que j&rsquo;ai \u00e9labor\u00e9es, <\/p>\n<p>Je s\u00e9lectionne des \u00e9pices biologiques aupr\u00e8s de 2 ou 3 grossistes qui ont tous une d\u00e9marche \u00e9co-responsable vis \u00e0 vis de petits producteurs, qu&rsquo;ils soient indiens, malgaches, indon\u00e9siens&#8230;, qui eux-m\u00eames travaillent en respectant leur terre et la nature pour offrir des \u00e9pices biologiques de grande qualit\u00e9.&nbsp; Apr\u00e8s avoir mis au point les recettes de chaque m\u00e9lange,&nbsp; je torr\u00e9fie les \u00e9pices choisies, je les broie \u00e0 la meule de pierre et je les mets en sachet pour vous permettre de voyager&#8230; en cuisine.<\/p>\t\t\t\t\t\t<\/div>\n\t\t\t\t<\/div>\n\t\t\t\t\t<\/div>\n\t\t<\/div>\n\t\t\t\t<div class=\"elementor-column elementor-col-50 elementor-top-column elementor-element elementor-element-ac9cb0e\" data-id=\"ac9cb0e\" data-element_type=\"column\">\n\t\t\t<div class=\"elementor-widget-wrap elementor-element-populated\">\n\t\t\t\t\t\t\t\t<div class=\"elementor-element elementor-element-a628942 elementor-widget elementor-widget-image\" data-id=\"a628942\" data-element_type=\"widget\" data-widget_type=\"image.default\">\n\t\t\t\t<div class=\"elementor-widget-container\">\n\t\t\t\t\t\t\t\t\t\t\t\t\t\t\t<img loading=\"lazy\" decoding=\"async\" width=\"1024\" height=\"683\" src=\"https:\/\/poilfolvinaigrerie.fr\/wp-content\/uploads\/2023\/05\/Yves-Lebrun-Vinaigrerie-Poil-Fol-1-1024x683.jpg\" class=\"attachment-large size-large wp-image-558\" alt=\"\" srcset=\"https:\/\/poilfolvinaigrerie.fr\/wp-content\/uploads\/2023\/05\/Yves-Lebrun-Vinaigrerie-Poil-Fol-1-1024x683.jpg 1024w, https:\/\/poilfolvinaigrerie.fr\/wp-content\/uploads\/2023\/05\/Yves-Lebrun-Vinaigrerie-Poil-Fol-1-300x200.jpg 300w, https:\/\/poilfolvinaigrerie.fr\/wp-content\/uploads\/2023\/05\/Yves-Lebrun-Vinaigrerie-Poil-Fol-1-768x512.jpg 768w, https:\/\/poilfolvinaigrerie.fr\/wp-content\/uploads\/2023\/05\/Yves-Lebrun-Vinaigrerie-Poil-Fol-1-1536x1024.jpg 1536w, https:\/\/poilfolvinaigrerie.fr\/wp-content\/uploads\/2023\/05\/Yves-Lebrun-Vinaigrerie-Poil-Fol-1-2048x1365.jpg 2048w\" sizes=\"auto, (max-width: 1024px) 100vw, 1024px\" \/>\t\t\t\t\t\t\t\t\t\t\t\t\t\t\t<\/div>\n\t\t\t\t<\/div>\n\t\t\t\t\t<\/div>\n\t\t<\/div>\n\t\t\t\t\t\t\t<\/div>\n\t\t<\/section>\n\t\t\t\t<section class=\"elementor-section elementor-top-section elementor-element elementor-element-794e2a7 elementor-section-boxed elementor-section-height-default elementor-section-height-default\" data-id=\"794e2a7\" data-element_type=\"section\">\n\t\t\t\t\t\t<div class=\"elementor-container elementor-column-gap-default\">\n\t\t\t\t\t<div class=\"elementor-column elementor-col-100 elementor-top-column elementor-element elementor-element-a88d0f1\" data-id=\"a88d0f1\" data-element_type=\"column\">\n\t\t\t<div class=\"elementor-widget-wrap\">\n\t\t\t\t\t\t\t\t\t<\/div>\n\t\t<\/div>\n\t\t\t\t\t\t\t<\/div>\n\t\t<\/section>\n\t\t\t\t<section class=\"elementor-section elementor-top-section elementor-element elementor-element-beaa681 elementor-section-boxed elementor-section-height-default elementor-section-height-default\" data-id=\"beaa681\" data-element_type=\"section\">\n\t\t\t\t\t\t<div class=\"elementor-container elementor-column-gap-default\">\n\t\t\t\t\t<div class=\"elementor-column elementor-col-50 elementor-top-column elementor-element elementor-element-84f8246\" data-id=\"84f8246\" data-element_type=\"column\">\n\t\t\t<div class=\"elementor-widget-wrap elementor-element-populated\">\n\t\t\t\t\t\t\t\t<div class=\"elementor-element elementor-element-7f39f8d elementor-widget elementor-widget-image\" data-id=\"7f39f8d\" data-element_type=\"widget\" data-widget_type=\"image.default\">\n\t\t\t\t<div class=\"elementor-widget-container\">\n\t\t\t\t\t\t\t\t\t\t\t\t\t\t\t<img loading=\"lazy\" decoding=\"async\" width=\"1024\" height=\"576\" src=\"https:\/\/poilfolvinaigrerie.fr\/wp-content\/uploads\/2023\/05\/IMG_20221114_080215-1024x576.jpg\" class=\"attachment-large size-large wp-image-131\" alt=\"\" srcset=\"https:\/\/poilfolvinaigrerie.fr\/wp-content\/uploads\/2023\/05\/IMG_20221114_080215-1024x576.jpg 1024w, https:\/\/poilfolvinaigrerie.fr\/wp-content\/uploads\/2023\/05\/IMG_20221114_080215-300x169.jpg 300w, https:\/\/poilfolvinaigrerie.fr\/wp-content\/uploads\/2023\/05\/IMG_20221114_080215-768x432.jpg 768w, https:\/\/poilfolvinaigrerie.fr\/wp-content\/uploads\/2023\/05\/IMG_20221114_080215-1536x864.jpg 1536w, https:\/\/poilfolvinaigrerie.fr\/wp-content\/uploads\/2023\/05\/IMG_20221114_080215-2048x1152.jpg 2048w, https:\/\/poilfolvinaigrerie.fr\/wp-content\/uploads\/2023\/05\/IMG_20221114_080215-800x450.jpg 800w\" sizes=\"auto, (max-width: 1024px) 100vw, 1024px\" \/>\t\t\t\t\t\t\t\t\t\t\t\t\t\t\t<\/div>\n\t\t\t\t<\/div>\n\t\t\t\t\t<\/div>\n\t\t<\/div>\n\t\t\t\t<div class=\"elementor-column elementor-col-50 elementor-top-column elementor-element elementor-element-d6cfee5\" data-id=\"d6cfee5\" data-element_type=\"column\">\n\t\t\t<div class=\"elementor-widget-wrap elementor-element-populated\">\n\t\t\t\t\t\t\t\t<div class=\"elementor-element elementor-element-44868d0 elementor-widget elementor-widget-image\" data-id=\"44868d0\" data-element_type=\"widget\" data-widget_type=\"image.default\">\n\t\t\t\t<div class=\"elementor-widget-container\">\n\t\t\t\t\t\t\t\t\t\t\t\t\t\t\t<img loading=\"lazy\" decoding=\"async\" width=\"1024\" height=\"576\" src=\"https:\/\/poilfolvinaigrerie.fr\/wp-content\/uploads\/2023\/07\/2023_07_27_18_39_31.mp4_snapshot_00.19.618-1024x576.jpg\" class=\"attachment-large size-large wp-image-1076\" alt=\"\" srcset=\"https:\/\/poilfolvinaigrerie.fr\/wp-content\/uploads\/2023\/07\/2023_07_27_18_39_31.mp4_snapshot_00.19.618-1024x576.jpg 1024w, https:\/\/poilfolvinaigrerie.fr\/wp-content\/uploads\/2023\/07\/2023_07_27_18_39_31.mp4_snapshot_00.19.618-300x169.jpg 300w, https:\/\/poilfolvinaigrerie.fr\/wp-content\/uploads\/2023\/07\/2023_07_27_18_39_31.mp4_snapshot_00.19.618-768x432.jpg 768w, https:\/\/poilfolvinaigrerie.fr\/wp-content\/uploads\/2023\/07\/2023_07_27_18_39_31.mp4_snapshot_00.19.618-800x450.jpg 800w, https:\/\/poilfolvinaigrerie.fr\/wp-content\/uploads\/2023\/07\/2023_07_27_18_39_31.mp4_snapshot_00.19.618.jpg 1280w\" sizes=\"auto, (max-width: 1024px) 100vw, 1024px\" \/>\t\t\t\t\t\t\t\t\t\t\t\t\t\t\t<\/div>\n\t\t\t\t<\/div>\n\t\t\t\t\t<\/div>\n\t\t<\/div>\n\t\t\t\t\t\t\t<\/div>\n\t\t<\/section>\n\t\t\t\t\t\t\t<\/div>\n\t\t","protected":false},"excerpt":{"rendered":"<p>C&rsquo;est l&rsquo;histoire d&rsquo;une reconversion heureuse, de rencontres et de passions C&rsquo;est lors d&rsquo;un s\u00e9jour de woofing chez des amis mara\u00eechers bio dans les C\u00e9vennes que j&rsquo;ai fait la rencontre de l&rsquo;une de leur voisine&#8230; vinaigri\u00e8re : Sylvie. Elle me pr\u00e9senta ses vinaigres et ce fut une r\u00e9v\u00e9lation\u00a0 ! Je me promettais de revenir pour en [&hellip;]<\/p>\n","protected":false},"author":1,"featured_media":0,"parent":0,"menu_order":0,"comment_status":"closed","ping_status":"closed","template":"","meta":{"ocean_post_layout":"","ocean_both_sidebars_style":"","ocean_both_sidebars_content_width":0,"ocean_both_sidebars_sidebars_width":0,"ocean_sidebar":"0","ocean_second_sidebar":"0","ocean_disable_margins":"enable","ocean_add_body_class":"","ocean_shortcode_before_top_bar":"","ocean_shortcode_after_top_bar":"","ocean_shortcode_before_header":"","ocean_shortcode_after_header":"","ocean_has_shortcode":"","ocean_shortcode_after_title":"","ocean_shortcode_before_footer_widgets":"","ocean_shortcode_after_footer_widgets":"","ocean_shortcode_before_footer_bottom":"","ocean_shortcode_after_footer_bottom":"","ocean_display_top_bar":"default","ocean_display_header":"default","ocean_header_style":"","ocean_center_header_left_menu":"0","ocean_custom_header_template":"0","ocean_custom_logo":0,"ocean_custom_retina_logo":0,"ocean_custom_logo_max_width":0,"ocean_custom_logo_tablet_max_width":0,"ocean_custom_logo_mobile_max_width":0,"ocean_custom_logo_max_height":0,"ocean_custom_logo_tablet_max_height":0,"ocean_custom_logo_mobile_max_height":0,"ocean_header_custom_menu":"0","ocean_menu_typo_font_family":"0","ocean_menu_typo_font_subset":"","ocean_menu_typo_font_size":0,"ocean_menu_typo_font_size_tablet":0,"ocean_menu_typo_font_size_mobile":0,"ocean_menu_typo_font_size_unit":"px","ocean_menu_typo_font_weight":"","ocean_menu_typo_font_weight_tablet":"","ocean_menu_typo_font_weight_mobile":"","ocean_menu_typo_transform":"","ocean_menu_typo_transform_tablet":"","ocean_menu_typo_transform_mobile":"","ocean_menu_typo_line_height":0,"ocean_menu_typo_line_height_tablet":0,"ocean_menu_typo_line_height_mobile":0,"ocean_menu_typo_line_height_unit":"","ocean_menu_typo_spacing":0,"ocean_menu_typo_spacing_tablet":0,"ocean_menu_typo_spacing_mobile":0,"ocean_menu_typo_spacing_unit":"","ocean_menu_link_color":"","ocean_menu_link_color_hover":"","ocean_menu_link_color_active":"","ocean_menu_link_background":"","ocean_menu_link_hover_background":"","ocean_menu_link_active_background":"","ocean_menu_social_links_bg":"","ocean_menu_social_hover_links_bg":"","ocean_menu_social_links_color":"","ocean_menu_social_hover_links_color":"","ocean_disable_title":"default","ocean_disable_heading":"default","ocean_post_title":"","ocean_post_subheading":"","ocean_post_title_style":"","ocean_post_title_background_color":"","ocean_post_title_background":0,"ocean_post_title_bg_image_position":"","ocean_post_title_bg_image_attachment":"","ocean_post_title_bg_image_repeat":"","ocean_post_title_bg_image_size":"","ocean_post_title_height":0,"ocean_post_title_bg_overlay":0.5,"ocean_post_title_bg_overlay_color":"","ocean_disable_breadcrumbs":"default","ocean_breadcrumbs_color":"","ocean_breadcrumbs_separator_color":"","ocean_breadcrumbs_links_color":"","ocean_breadcrumbs_links_hover_color":"","ocean_display_footer_widgets":"default","ocean_display_footer_bottom":"default","ocean_custom_footer_template":"0","footnotes":""},"class_list":["post-49","page","type-page","status-publish","hentry","entry"],"yoast_head":"<!-- This site is optimized with the Yoast SEO plugin v20.8 - https:\/\/yoast.com\/wordpress\/plugins\/seo\/ -->\n<title>Notre histoire - Vinaigrerie Poilfol<\/title>\n<meta name=\"description\" content=\"De Lyon \u00e0 Savigny-Poil-Fol dans la Ni\u00e8vre, d\u00e9couvrez notre histoire qui nous amen\u00e9 jusqu&#039;au vinaigre !\" \/>\n<meta name=\"robots\" content=\"index, follow, max-snippet:-1, max-image-preview:large, max-video-preview:-1\" \/>\n<link rel=\"canonical\" href=\"https:\/\/poilfolvinaigrerie.fr\/index.php\/notre-histoire\/\" \/>\n<meta property=\"og:locale\" content=\"fr_FR\" \/>\n<meta property=\"og:type\" content=\"article\" \/>\n<meta property=\"og:title\" content=\"Notre histoire - Vinaigrerie Poilfol\" \/>\n<meta property=\"og:description\" content=\"De Lyon \u00e0 Savigny-Poil-Fol dans la Ni\u00e8vre, d\u00e9couvrez notre histoire qui nous amen\u00e9 jusqu&#039;au vinaigre !\" \/>\n<meta property=\"og:url\" content=\"https:\/\/poilfolvinaigrerie.fr\/index.php\/notre-histoire\/\" \/>\n<meta property=\"og:site_name\" content=\"Vinaigrerie Poilfol\" \/>\n<meta property=\"article:modified_time\" content=\"2023-07-28T17:18:33+00:00\" \/>\n<meta property=\"og:image\" content=\"http:\/\/poilfolvinaigrerie.fr\/wp-content\/uploads\/2023\/05\/IMG_2739-1024x683.jpg\" \/>\n<meta name=\"twitter:card\" content=\"summary_large_image\" \/>\n<meta name=\"twitter:label1\" content=\"Dur\u00e9e de lecture estim\u00e9e\" \/>\n\t<meta name=\"twitter:data1\" content=\"3 minutes\" \/>\n<script type=\"application\/ld+json\" class=\"yoast-schema-graph\">{\"@context\":\"https:\/\/schema.org\",\"@graph\":[{\"@type\":\"WebPage\",\"@id\":\"https:\/\/poilfolvinaigrerie.fr\/index.php\/notre-histoire\/\",\"url\":\"https:\/\/poilfolvinaigrerie.fr\/index.php\/notre-histoire\/\",\"name\":\"Notre histoire - Vinaigrerie Poilfol\",\"isPartOf\":{\"@id\":\"http:\/\/poilfolvinaigrerie.fr\/#website\"},\"datePublished\":\"2023-04-26T16:26:34+00:00\",\"dateModified\":\"2023-07-28T17:18:33+00:00\",\"description\":\"De Lyon \u00e0 Savigny-Poil-Fol dans la Ni\u00e8vre, d\u00e9couvrez notre histoire qui nous amen\u00e9 jusqu'au vinaigre !\",\"breadcrumb\":{\"@id\":\"https:\/\/poilfolvinaigrerie.fr\/index.php\/notre-histoire\/#breadcrumb\"},\"inLanguage\":\"fr-FR\",\"potentialAction\":[{\"@type\":\"ReadAction\",\"target\":[\"https:\/\/poilfolvinaigrerie.fr\/index.php\/notre-histoire\/\"]}]},{\"@type\":\"BreadcrumbList\",\"@id\":\"https:\/\/poilfolvinaigrerie.fr\/index.php\/notre-histoire\/#breadcrumb\",\"itemListElement\":[{\"@type\":\"ListItem\",\"position\":1,\"name\":\"Accueil\",\"item\":\"http:\/\/poilfolvinaigrerie.fr\/\"},{\"@type\":\"ListItem\",\"position\":2,\"name\":\"Notre histoire\"}]},{\"@type\":\"WebSite\",\"@id\":\"http:\/\/poilfolvinaigrerie.fr\/#website\",\"url\":\"http:\/\/poilfolvinaigrerie.fr\/\",\"name\":\"Vinaigrerie Poilfol\",\"description\":\"Vinaigrerie Artisanale et biologique\",\"publisher\":{\"@id\":\"http:\/\/poilfolvinaigrerie.fr\/#organization\"},\"potentialAction\":[{\"@type\":\"SearchAction\",\"target\":{\"@type\":\"EntryPoint\",\"urlTemplate\":\"http:\/\/poilfolvinaigrerie.fr\/?s={search_term_string}\"},\"query-input\":\"required name=search_term_string\"}],\"inLanguage\":\"fr-FR\"},{\"@type\":\"Organization\",\"@id\":\"http:\/\/poilfolvinaigrerie.fr\/#organization\",\"name\":\"Vinaigrerie Poilfol\",\"url\":\"http:\/\/poilfolvinaigrerie.fr\/\",\"logo\":{\"@type\":\"ImageObject\",\"inLanguage\":\"fr-FR\",\"@id\":\"http:\/\/poilfolvinaigrerie.fr\/#\/schema\/logo\/image\/\",\"url\":\"https:\/\/poilfolvinaigrerie.fr\/wp-content\/uploads\/2023\/05\/cropped-POILFOL_-_LOGO_-_COULEUR-21024_1-removebg-preview.png\",\"contentUrl\":\"https:\/\/poilfolvinaigrerie.fr\/wp-content\/uploads\/2023\/05\/cropped-POILFOL_-_LOGO_-_COULEUR-21024_1-removebg-preview.png\",\"width\":433,\"height\":430,\"caption\":\"Vinaigrerie Poilfol\"},\"image\":{\"@id\":\"http:\/\/poilfolvinaigrerie.fr\/#\/schema\/logo\/image\/\"},\"sameAs\":[\"https:\/\/instagram.com\/yoast\"]}]}<\/script>\n<!-- \/ Yoast SEO plugin. -->","yoast_head_json":{"title":"Notre histoire - Vinaigrerie Poilfol","description":"De Lyon \u00e0 Savigny-Poil-Fol dans la Ni\u00e8vre, d\u00e9couvrez notre histoire qui nous amen\u00e9 jusqu'au vinaigre !","robots":{"index":"index","follow":"follow","max-snippet":"max-snippet:-1","max-image-preview":"max-image-preview:large","max-video-preview":"max-video-preview:-1"},"canonical":"https:\/\/poilfolvinaigrerie.fr\/index.php\/notre-histoire\/","og_locale":"fr_FR","og_type":"article","og_title":"Notre histoire - Vinaigrerie Poilfol","og_description":"De Lyon \u00e0 Savigny-Poil-Fol dans la Ni\u00e8vre, d\u00e9couvrez notre histoire qui nous amen\u00e9 jusqu'au vinaigre !","og_url":"https:\/\/poilfolvinaigrerie.fr\/index.php\/notre-histoire\/","og_site_name":"Vinaigrerie Poilfol","article_modified_time":"2023-07-28T17:18:33+00:00","og_image":[{"url":"http:\/\/poilfolvinaigrerie.fr\/wp-content\/uploads\/2023\/05\/IMG_2739-1024x683.jpg"}],"twitter_card":"summary_large_image","twitter_misc":{"Dur\u00e9e de lecture estim\u00e9e":"3 minutes"},"schema":{"@context":"https:\/\/schema.org","@graph":[{"@type":"WebPage","@id":"https:\/\/poilfolvinaigrerie.fr\/index.php\/notre-histoire\/","url":"https:\/\/poilfolvinaigrerie.fr\/index.php\/notre-histoire\/","name":"Notre histoire - Vinaigrerie Poilfol","isPartOf":{"@id":"http:\/\/poilfolvinaigrerie.fr\/#website"},"datePublished":"2023-04-26T16:26:34+00:00","dateModified":"2023-07-28T17:18:33+00:00","description":"De Lyon \u00e0 Savigny-Poil-Fol dans la Ni\u00e8vre, d\u00e9couvrez notre histoire qui nous amen\u00e9 jusqu'au vinaigre !","breadcrumb":{"@id":"https:\/\/poilfolvinaigrerie.fr\/index.php\/notre-histoire\/#breadcrumb"},"inLanguage":"fr-FR","potentialAction":[{"@type":"ReadAction","target":["https:\/\/poilfolvinaigrerie.fr\/index.php\/notre-histoire\/"]}]},{"@type":"BreadcrumbList","@id":"https:\/\/poilfolvinaigrerie.fr\/index.php\/notre-histoire\/#breadcrumb","itemListElement":[{"@type":"ListItem","position":1,"name":"Accueil","item":"http:\/\/poilfolvinaigrerie.fr\/"},{"@type":"ListItem","position":2,"name":"Notre histoire"}]},{"@type":"WebSite","@id":"http:\/\/poilfolvinaigrerie.fr\/#website","url":"http:\/\/poilfolvinaigrerie.fr\/","name":"Vinaigrerie Poilfol","description":"Vinaigrerie Artisanale et biologique","publisher":{"@id":"http:\/\/poilfolvinaigrerie.fr\/#organization"},"potentialAction":[{"@type":"SearchAction","target":{"@type":"EntryPoint","urlTemplate":"http:\/\/poilfolvinaigrerie.fr\/?s={search_term_string}"},"query-input":"required name=search_term_string"}],"inLanguage":"fr-FR"},{"@type":"Organization","@id":"http:\/\/poilfolvinaigrerie.fr\/#organization","name":"Vinaigrerie Poilfol","url":"http:\/\/poilfolvinaigrerie.fr\/","logo":{"@type":"ImageObject","inLanguage":"fr-FR","@id":"http:\/\/poilfolvinaigrerie.fr\/#\/schema\/logo\/image\/","url":"https:\/\/poilfolvinaigrerie.fr\/wp-content\/uploads\/2023\/05\/cropped-POILFOL_-_LOGO_-_COULEUR-21024_1-removebg-preview.png","contentUrl":"https:\/\/poilfolvinaigrerie.fr\/wp-content\/uploads\/2023\/05\/cropped-POILFOL_-_LOGO_-_COULEUR-21024_1-removebg-preview.png","width":433,"height":430,"caption":"Vinaigrerie Poilfol"},"image":{"@id":"http:\/\/poilfolvinaigrerie.fr\/#\/schema\/logo\/image\/"},"sameAs":["https:\/\/instagram.com\/yoast"]}]}},"_links":{"self":[{"href":"https:\/\/poilfolvinaigrerie.fr\/index.php\/wp-json\/wp\/v2\/pages\/49","targetHints":{"allow":["GET"]}}],"collection":[{"href":"https:\/\/poilfolvinaigrerie.fr\/index.php\/wp-json\/wp\/v2\/pages"}],"about":[{"href":"https:\/\/poilfolvinaigrerie.fr\/index.php\/wp-json\/wp\/v2\/types\/page"}],"author":[{"embeddable":true,"href":"https:\/\/poilfolvinaigrerie.fr\/index.php\/wp-json\/wp\/v2\/users\/1"}],"replies":[{"embeddable":true,"href":"https:\/\/poilfolvinaigrerie.fr\/index.php\/wp-json\/wp\/v2\/comments?post=49"}],"version-history":[{"count":29,"href":"https:\/\/poilfolvinaigrerie.fr\/index.php\/wp-json\/wp\/v2\/pages\/49\/revisions"}],"predecessor-version":[{"id":1080,"href":"https:\/\/poilfolvinaigrerie.fr\/index.php\/wp-json\/wp\/v2\/pages\/49\/revisions\/1080"}],"wp:attachment":[{"href":"https:\/\/poilfolvinaigrerie.fr\/index.php\/wp-json\/wp\/v2\/media?parent=49"}],"curies":[{"name":"wp","href":"https:\/\/api.w.org\/{rel}","templated":true}]}}