{"id":51,"date":"2023-04-26T18:26:59","date_gmt":"2023-04-26T16:26:59","guid":{"rendered":"http:\/\/poilfolvinaigrerie.fr\/?page_id=51"},"modified":"2024-06-08T17:47:01","modified_gmt":"2024-06-08T15:47:01","slug":"la-fabrique","status":"publish","type":"page","link":"https:\/\/poilfolvinaigrerie.fr\/index.php\/la-fabrique\/","title":{"rendered":"Le Vinaigre"},"content":{"rendered":"\t\t<div data-elementor-type=\"wp-page\" data-elementor-id=\"51\" class=\"elementor elementor-51\">\n\t\t\t\t\t\t\t\t\t<section class=\"elementor-section elementor-top-section elementor-element elementor-element-5b413ca elementor-section-boxed elementor-section-height-default elementor-section-height-default\" data-id=\"5b413ca\" data-element_type=\"section\">\n\t\t\t\t\t\t<div class=\"elementor-container elementor-column-gap-default\">\n\t\t\t\t\t<div class=\"elementor-column elementor-col-50 elementor-top-column elementor-element elementor-element-b4640b9\" data-id=\"b4640b9\" data-element_type=\"column\">\n\t\t\t<div class=\"elementor-widget-wrap elementor-element-populated\">\n\t\t\t\t\t\t\t\t<div class=\"elementor-element elementor-element-e7a4410 elementor-widget elementor-widget-image\" data-id=\"e7a4410\" data-element_type=\"widget\" data-widget_type=\"image.default\">\n\t\t\t\t<div class=\"elementor-widget-container\">\n\t\t\t<style>\/*! elementor - v3.12.2 - 23-04-2023 *\/\n.elementor-widget-image{text-align:center}.elementor-widget-image a{display:inline-block}.elementor-widget-image a img[src$=\".svg\"]{width:48px}.elementor-widget-image img{vertical-align:middle;display:inline-block}<\/style>\t\t\t\t\t\t\t\t\t\t\t\t<img decoding=\"async\" src=\"https:\/\/poilfolvinaigrerie.fr\/wp-content\/uploads\/2023\/05\/IMG_2823-scaled.jpg\" title=\"f\u00fbts de ch\u00eane\" alt=\"f\u00fbts de ch\u00eane\" loading=\"lazy\" \/>\t\t\t\t\t\t\t\t\t\t\t\t\t\t\t<\/div>\n\t\t\t\t<\/div>\n\t\t\t\t\t<\/div>\n\t\t<\/div>\n\t\t\t\t<div class=\"elementor-column elementor-col-50 elementor-top-column elementor-element elementor-element-9ac3697\" data-id=\"9ac3697\" data-element_type=\"column\">\n\t\t\t<div class=\"elementor-widget-wrap elementor-element-populated\">\n\t\t\t\t\t\t\t\t<div class=\"elementor-element elementor-element-7d446f9 elementor-widget elementor-widget-text-editor\" data-id=\"7d446f9\" data-element_type=\"widget\" data-widget_type=\"text-editor.default\">\n\t\t\t\t<div class=\"elementor-widget-container\">\n\t\t\t<style>\/*! elementor - v3.12.2 - 23-04-2023 *\/\n.elementor-widget-text-editor.elementor-drop-cap-view-stacked .elementor-drop-cap{background-color:#69727d;color:#fff}.elementor-widget-text-editor.elementor-drop-cap-view-framed .elementor-drop-cap{color:#69727d;border:3px solid;background-color:transparent}.elementor-widget-text-editor:not(.elementor-drop-cap-view-default) .elementor-drop-cap{margin-top:8px}.elementor-widget-text-editor:not(.elementor-drop-cap-view-default) .elementor-drop-cap-letter{width:1em;height:1em}.elementor-widget-text-editor .elementor-drop-cap{float:left;text-align:center;line-height:1;font-size:50px}.elementor-widget-text-editor .elementor-drop-cap-letter{display:inline-block}<\/style>\t\t\t\t<p>Produit ancestral, le vinaigre est pr\u00e9sent dans notre vie depuis la nuit des temps. Son utilisation se retouve dans toutes les grandes civilisations. Mais c&rsquo;est Pasteur en 1865 qui per\u00e7a le myst\u00e8re de l&rsquo;ac\u00e9tification de l&rsquo;alcool.<\/p><p>Au Moyen \u00c2ge, Orl\u00e9ans devient la capitale du vinaigre. Le vin \u00e9tait alors transport\u00e9 par bateaux sur la Loire. Lors de ce trop long trajet, certains vins piqu\u00e9s \u00e9taient alors d\u00e9barqu\u00e9s \u00e0 Orl\u00e9ans pour \u00eatre transform\u00e9s en vinaigre.<\/p><p>Le vin est vers\u00e9 dans des f\u00fbts de ch\u00eane qui contiennent d\u00e9j\u00e0 un vinaigre plus ancien. Les Ac\u00e9tobacter, se d\u00e9veloppant en surface dans le f\u00fbt de ch\u00eane, fixent l&rsquo;oxyg\u00e8ne de l&rsquo;air sur l&rsquo;\u00e9thanol du vin et op\u00e8rent ainsi sa transformation en vinaigre.<\/p><p>La dur\u00e9e n\u00e9cessaire varie dans le temps en fonction du rapport vin\/vinaigre, de la temp\u00e9rature et de la surface de contact du vin avec l&rsquo;air.<\/p><p>Cette fermentation naturelle de surface sans brassage, ni ajout de ferments permet de d\u00e9velopper un vinaigre dans le respect du vin.<\/p><p>Commence ensuite une longue p\u00e9riode de repos d&rsquo;au minimum 8 mois, toujours en f\u00fbt de ch\u00eane, pour permettre au vinaigre de d\u00e9velopper ses ar\u00f4mes et acqu\u00e9rir sa robe ambr\u00e9e.<\/p><p><strong>Dans notre Vinaigrerie Poil Fol, nous avons \u00e0 c\u0153ur de laisser au vinaigre le temps de se d\u00e9velopper lentement pour qu&rsquo;il puisse exprimer toute sa richesse aromatique et de cr\u00e9er des recettes gourmandes pour sublimer tous vos plats.<\/strong><\/p>\t\t\t\t\t\t<\/div>\n\t\t\t\t<\/div>\n\t\t\t\t\t<\/div>\n\t\t<\/div>\n\t\t\t\t\t\t\t<\/div>\n\t\t<\/section>\n\t\t\t\t\t\t\t<\/div>\n\t\t","protected":false},"excerpt":{"rendered":"<p>Produit ancestral, le vinaigre est pr\u00e9sent dans notre vie depuis la nuit des temps. Son utilisation se retouve dans toutes les grandes civilisations. Mais c&rsquo;est Pasteur en 1865 qui per\u00e7a le myst\u00e8re de l&rsquo;ac\u00e9tification de l&rsquo;alcool. Au Moyen \u00c2ge, Orl\u00e9ans devient la capitale du vinaigre. Le vin \u00e9tait alors transport\u00e9 par bateaux sur la Loire. [&hellip;]<\/p>\n","protected":false},"author":1,"featured_media":0,"parent":0,"menu_order":0,"comment_status":"closed","ping_status":"closed","template":"","meta":{"ocean_post_layout":"","ocean_both_sidebars_style":"","ocean_both_sidebars_content_width":0,"ocean_both_sidebars_sidebars_width":0,"ocean_sidebar":"0","ocean_second_sidebar":"0","ocean_disable_margins":"enable","ocean_add_body_class":"","ocean_shortcode_before_top_bar":"","ocean_shortcode_after_top_bar":"","ocean_shortcode_before_header":"","ocean_shortcode_after_header":"","ocean_has_shortcode":"","ocean_shortcode_after_title":"","ocean_shortcode_before_footer_widgets":"","ocean_shortcode_after_footer_widgets":"","ocean_shortcode_before_footer_bottom":"","ocean_shortcode_after_footer_bottom":"","ocean_display_top_bar":"default","ocean_display_header":"default","ocean_header_style":"","ocean_center_header_left_menu":"0","ocean_custom_header_template":"0","ocean_custom_logo":0,"ocean_custom_retina_logo":0,"ocean_custom_logo_max_width":0,"ocean_custom_logo_tablet_max_width":0,"ocean_custom_logo_mobile_max_width":0,"ocean_custom_logo_max_height":0,"ocean_custom_logo_tablet_max_height":0,"ocean_custom_logo_mobile_max_height":0,"ocean_header_custom_menu":"0","ocean_menu_typo_font_family":"0","ocean_menu_typo_font_subset":"","ocean_menu_typo_font_size":0,"ocean_menu_typo_font_size_tablet":0,"ocean_menu_typo_font_size_mobile":0,"ocean_menu_typo_font_size_unit":"px","ocean_menu_typo_font_weight":"","ocean_menu_typo_font_weight_tablet":"","ocean_menu_typo_font_weight_mobile":"","ocean_menu_typo_transform":"","ocean_menu_typo_transform_tablet":"","ocean_menu_typo_transform_mobile":"","ocean_menu_typo_line_height":0,"ocean_menu_typo_line_height_tablet":0,"ocean_menu_typo_line_height_mobile":0,"ocean_menu_typo_line_height_unit":"","ocean_menu_typo_spacing":0,"ocean_menu_typo_spacing_tablet":0,"ocean_menu_typo_spacing_mobile":0,"ocean_menu_typo_spacing_unit":"","ocean_menu_link_color":"","ocean_menu_link_color_hover":"","ocean_menu_link_color_active":"","ocean_menu_link_background":"","ocean_menu_link_hover_background":"","ocean_menu_link_active_background":"","ocean_menu_social_links_bg":"","ocean_menu_social_hover_links_bg":"","ocean_menu_social_links_color":"","ocean_menu_social_hover_links_color":"","ocean_disable_title":"default","ocean_disable_heading":"default","ocean_post_title":"","ocean_post_subheading":"","ocean_post_title_style":"","ocean_post_title_background_color":"","ocean_post_title_background":0,"ocean_post_title_bg_image_position":"","ocean_post_title_bg_image_attachment":"","ocean_post_title_bg_image_repeat":"","ocean_post_title_bg_image_size":"","ocean_post_title_height":0,"ocean_post_title_bg_overlay":0.5,"ocean_post_title_bg_overlay_color":"","ocean_disable_breadcrumbs":"default","ocean_breadcrumbs_color":"","ocean_breadcrumbs_separator_color":"","ocean_breadcrumbs_links_color":"","ocean_breadcrumbs_links_hover_color":"","ocean_display_footer_widgets":"default","ocean_display_footer_bottom":"default","ocean_custom_footer_template":"0","footnotes":""},"class_list":["post-51","page","type-page","status-publish","hentry","entry"],"yoast_head":"<!-- This site is optimized with the Yoast SEO plugin v20.8 - https:\/\/yoast.com\/wordpress\/plugins\/seo\/ -->\n<title>Le Vinaigre - Vinaigrerie Poilfol<\/title>\n<meta name=\"description\" content=\"Produit ancestral, le vinaigre est aussi vieux que le monde ! D\u00e9couvrez les secrets de la m\u00e9thode orl\u00e9anaise.\" \/>\n<meta name=\"robots\" content=\"index, follow, max-snippet:-1, max-image-preview:large, max-video-preview:-1\" \/>\n<link rel=\"canonical\" href=\"https:\/\/poilfolvinaigrerie.fr\/index.php\/la-fabrique\/\" \/>\n<meta property=\"og:locale\" content=\"fr_FR\" \/>\n<meta property=\"og:type\" content=\"article\" \/>\n<meta property=\"og:title\" content=\"Le Vinaigre - Vinaigrerie Poilfol\" \/>\n<meta property=\"og:description\" content=\"Produit ancestral, le vinaigre est aussi vieux que le monde ! D\u00e9couvrez les secrets de la m\u00e9thode orl\u00e9anaise.\" \/>\n<meta property=\"og:url\" content=\"https:\/\/poilfolvinaigrerie.fr\/index.php\/la-fabrique\/\" \/>\n<meta property=\"og:site_name\" content=\"Vinaigrerie Poilfol\" \/>\n<meta property=\"article:modified_time\" content=\"2024-06-08T15:47:01+00:00\" \/>\n<meta property=\"og:image\" content=\"http:\/\/poilfolvinaigrerie.fr\/wp-content\/uploads\/elementor\/thumbs\/IMG_2823-scaled-q6k33tmqwp57ooztldoemg2qb50p6kwemlwx2j0b4o.jpg\" \/>\n<meta name=\"twitter:card\" content=\"summary_large_image\" \/>\n<meta name=\"twitter:label1\" content=\"Dur\u00e9e de lecture estim\u00e9e\" \/>\n\t<meta name=\"twitter:data1\" content=\"2 minutes\" \/>\n<script type=\"application\/ld+json\" class=\"yoast-schema-graph\">{\"@context\":\"https:\/\/schema.org\",\"@graph\":[{\"@type\":\"WebPage\",\"@id\":\"https:\/\/poilfolvinaigrerie.fr\/index.php\/la-fabrique\/\",\"url\":\"https:\/\/poilfolvinaigrerie.fr\/index.php\/la-fabrique\/\",\"name\":\"Le Vinaigre - Vinaigrerie Poilfol\",\"isPartOf\":{\"@id\":\"http:\/\/poilfolvinaigrerie.fr\/#website\"},\"datePublished\":\"2023-04-26T16:26:59+00:00\",\"dateModified\":\"2024-06-08T15:47:01+00:00\",\"description\":\"Produit ancestral, le vinaigre est aussi vieux que le monde ! D\u00e9couvrez les secrets de la m\u00e9thode orl\u00e9anaise.\",\"breadcrumb\":{\"@id\":\"https:\/\/poilfolvinaigrerie.fr\/index.php\/la-fabrique\/#breadcrumb\"},\"inLanguage\":\"fr-FR\",\"potentialAction\":[{\"@type\":\"ReadAction\",\"target\":[\"https:\/\/poilfolvinaigrerie.fr\/index.php\/la-fabrique\/\"]}]},{\"@type\":\"BreadcrumbList\",\"@id\":\"https:\/\/poilfolvinaigrerie.fr\/index.php\/la-fabrique\/#breadcrumb\",\"itemListElement\":[{\"@type\":\"ListItem\",\"position\":1,\"name\":\"Accueil\",\"item\":\"http:\/\/poilfolvinaigrerie.fr\/\"},{\"@type\":\"ListItem\",\"position\":2,\"name\":\"Le Vinaigre\"}]},{\"@type\":\"WebSite\",\"@id\":\"http:\/\/poilfolvinaigrerie.fr\/#website\",\"url\":\"http:\/\/poilfolvinaigrerie.fr\/\",\"name\":\"Vinaigrerie Poilfol\",\"description\":\"Vinaigrerie Artisanale et biologique\",\"publisher\":{\"@id\":\"http:\/\/poilfolvinaigrerie.fr\/#organization\"},\"potentialAction\":[{\"@type\":\"SearchAction\",\"target\":{\"@type\":\"EntryPoint\",\"urlTemplate\":\"http:\/\/poilfolvinaigrerie.fr\/?s={search_term_string}\"},\"query-input\":\"required name=search_term_string\"}],\"inLanguage\":\"fr-FR\"},{\"@type\":\"Organization\",\"@id\":\"http:\/\/poilfolvinaigrerie.fr\/#organization\",\"name\":\"Vinaigrerie Poilfol\",\"url\":\"http:\/\/poilfolvinaigrerie.fr\/\",\"logo\":{\"@type\":\"ImageObject\",\"inLanguage\":\"fr-FR\",\"@id\":\"http:\/\/poilfolvinaigrerie.fr\/#\/schema\/logo\/image\/\",\"url\":\"https:\/\/poilfolvinaigrerie.fr\/wp-content\/uploads\/2023\/05\/cropped-POILFOL_-_LOGO_-_COULEUR-21024_1-removebg-preview.png\",\"contentUrl\":\"https:\/\/poilfolvinaigrerie.fr\/wp-content\/uploads\/2023\/05\/cropped-POILFOL_-_LOGO_-_COULEUR-21024_1-removebg-preview.png\",\"width\":433,\"height\":430,\"caption\":\"Vinaigrerie Poilfol\"},\"image\":{\"@id\":\"http:\/\/poilfolvinaigrerie.fr\/#\/schema\/logo\/image\/\"},\"sameAs\":[\"https:\/\/instagram.com\/yoast\"]}]}<\/script>\n<!-- \/ Yoast SEO plugin. -->","yoast_head_json":{"title":"Le Vinaigre - Vinaigrerie Poilfol","description":"Produit ancestral, le vinaigre est aussi vieux que le monde ! D\u00e9couvrez les secrets de la m\u00e9thode orl\u00e9anaise.","robots":{"index":"index","follow":"follow","max-snippet":"max-snippet:-1","max-image-preview":"max-image-preview:large","max-video-preview":"max-video-preview:-1"},"canonical":"https:\/\/poilfolvinaigrerie.fr\/index.php\/la-fabrique\/","og_locale":"fr_FR","og_type":"article","og_title":"Le Vinaigre - Vinaigrerie Poilfol","og_description":"Produit ancestral, le vinaigre est aussi vieux que le monde ! D\u00e9couvrez les secrets de la m\u00e9thode orl\u00e9anaise.","og_url":"https:\/\/poilfolvinaigrerie.fr\/index.php\/la-fabrique\/","og_site_name":"Vinaigrerie Poilfol","article_modified_time":"2024-06-08T15:47:01+00:00","og_image":[{"url":"http:\/\/poilfolvinaigrerie.fr\/wp-content\/uploads\/elementor\/thumbs\/IMG_2823-scaled-q6k33tmqwp57ooztldoemg2qb50p6kwemlwx2j0b4o.jpg"}],"twitter_card":"summary_large_image","twitter_misc":{"Dur\u00e9e de lecture estim\u00e9e":"2 minutes"},"schema":{"@context":"https:\/\/schema.org","@graph":[{"@type":"WebPage","@id":"https:\/\/poilfolvinaigrerie.fr\/index.php\/la-fabrique\/","url":"https:\/\/poilfolvinaigrerie.fr\/index.php\/la-fabrique\/","name":"Le Vinaigre - Vinaigrerie Poilfol","isPartOf":{"@id":"http:\/\/poilfolvinaigrerie.fr\/#website"},"datePublished":"2023-04-26T16:26:59+00:00","dateModified":"2024-06-08T15:47:01+00:00","description":"Produit ancestral, le vinaigre est aussi vieux que le monde ! D\u00e9couvrez les secrets de la m\u00e9thode orl\u00e9anaise.","breadcrumb":{"@id":"https:\/\/poilfolvinaigrerie.fr\/index.php\/la-fabrique\/#breadcrumb"},"inLanguage":"fr-FR","potentialAction":[{"@type":"ReadAction","target":["https:\/\/poilfolvinaigrerie.fr\/index.php\/la-fabrique\/"]}]},{"@type":"BreadcrumbList","@id":"https:\/\/poilfolvinaigrerie.fr\/index.php\/la-fabrique\/#breadcrumb","itemListElement":[{"@type":"ListItem","position":1,"name":"Accueil","item":"http:\/\/poilfolvinaigrerie.fr\/"},{"@type":"ListItem","position":2,"name":"Le Vinaigre"}]},{"@type":"WebSite","@id":"http:\/\/poilfolvinaigrerie.fr\/#website","url":"http:\/\/poilfolvinaigrerie.fr\/","name":"Vinaigrerie Poilfol","description":"Vinaigrerie Artisanale et biologique","publisher":{"@id":"http:\/\/poilfolvinaigrerie.fr\/#organization"},"potentialAction":[{"@type":"SearchAction","target":{"@type":"EntryPoint","urlTemplate":"http:\/\/poilfolvinaigrerie.fr\/?s={search_term_string}"},"query-input":"required name=search_term_string"}],"inLanguage":"fr-FR"},{"@type":"Organization","@id":"http:\/\/poilfolvinaigrerie.fr\/#organization","name":"Vinaigrerie Poilfol","url":"http:\/\/poilfolvinaigrerie.fr\/","logo":{"@type":"ImageObject","inLanguage":"fr-FR","@id":"http:\/\/poilfolvinaigrerie.fr\/#\/schema\/logo\/image\/","url":"https:\/\/poilfolvinaigrerie.fr\/wp-content\/uploads\/2023\/05\/cropped-POILFOL_-_LOGO_-_COULEUR-21024_1-removebg-preview.png","contentUrl":"https:\/\/poilfolvinaigrerie.fr\/wp-content\/uploads\/2023\/05\/cropped-POILFOL_-_LOGO_-_COULEUR-21024_1-removebg-preview.png","width":433,"height":430,"caption":"Vinaigrerie Poilfol"},"image":{"@id":"http:\/\/poilfolvinaigrerie.fr\/#\/schema\/logo\/image\/"},"sameAs":["https:\/\/instagram.com\/yoast"]}]}},"_links":{"self":[{"href":"https:\/\/poilfolvinaigrerie.fr\/index.php\/wp-json\/wp\/v2\/pages\/51","targetHints":{"allow":["GET"]}}],"collection":[{"href":"https:\/\/poilfolvinaigrerie.fr\/index.php\/wp-json\/wp\/v2\/pages"}],"about":[{"href":"https:\/\/poilfolvinaigrerie.fr\/index.php\/wp-json\/wp\/v2\/types\/page"}],"author":[{"embeddable":true,"href":"https:\/\/poilfolvinaigrerie.fr\/index.php\/wp-json\/wp\/v2\/users\/1"}],"replies":[{"embeddable":true,"href":"https:\/\/poilfolvinaigrerie.fr\/index.php\/wp-json\/wp\/v2\/comments?post=51"}],"version-history":[{"count":24,"href":"https:\/\/poilfolvinaigrerie.fr\/index.php\/wp-json\/wp\/v2\/pages\/51\/revisions"}],"predecessor-version":[{"id":1306,"href":"https:\/\/poilfolvinaigrerie.fr\/index.php\/wp-json\/wp\/v2\/pages\/51\/revisions\/1306"}],"wp:attachment":[{"href":"https:\/\/poilfolvinaigrerie.fr\/index.php\/wp-json\/wp\/v2\/media?parent=51"}],"curies":[{"name":"wp","href":"https:\/\/api.w.org\/{rel}","templated":true}]}}